{"id":2661,"date":"2024-08-08T13:00:00","date_gmt":"2024-08-08T13:00:00","guid":{"rendered":"https:\/\/onkim.com.tr\/about-us\/banka-hesap-bilgileri\/"},"modified":"2024-10-13T22:43:25","modified_gmt":"2024-10-13T22:43:25","slug":"bank-account-information","status":"publish","type":"page","link":"https:\/\/onkim.com.tr\/en\/about-us\/bank-account-information\/","title":{"rendered":"BANK ACCOUNT INFORMATION"},"content":{"rendered":"\t\t<div data-elementor-type=\"wp-page\" data-elementor-id=\"2661\" class=\"elementor elementor-2661 elementor-719\">\n\t\t\t\t\t\t<section class=\"elementor-section elementor-top-section elementor-element elementor-element-1488785 ts-col-stretched-none ts-bg-color-over-image elementor-section-boxed elementor-section-height-default elementor-section-height-default\" data-id=\"1488785\" data-element_type=\"section\" data-e-type=\"section\">\n\t\t\t\t\t\t<div class=\"elementor-container elementor-column-gap-default\">\n\t\t\t\t\t<div class=\"elementor-column elementor-col-50 elementor-top-column elementor-element elementor-element-44e0cfa ts-bg-color-over-image\" data-id=\"44e0cfa\" data-element_type=\"column\" data-e-type=\"column\">\n\t\t\t<div class=\"elementor-widget-wrap elementor-element-populated\">\n\t\t\t\t\t\t<div class=\"elementor-element elementor-element-f53a094 elementor-widget elementor-widget-heading\" data-id=\"f53a094\" data-element_type=\"widget\" data-e-type=\"widget\" data-widget_type=\"heading.default\">\n\t\t\t\t<div class=\"elementor-widget-container\">\n\t\t\t\t\t<p class=\"elementor-heading-title elementor-size-default\">Bank Accounts<\/p>\t\t\t\t<\/div>\n\t\t\t\t<\/div>\n\t\t\t\t<div class=\"elementor-element elementor-element-180c955 elementor-widget elementor-widget-text-editor\" data-id=\"180c955\" data-element_type=\"widget\" data-e-type=\"widget\" data-widget_type=\"text-editor.default\">\n\t\t\t\t<div class=\"elementor-widget-container\">\n\t\t\t\t\t\t\t\t\t<p><strong>Onkim K\u00f6k H\u00fccre Teknolojileri T\u00fcz. San. A.\u015e.<\/strong><\/p><p><strong>AKBANK 4. LEVENT<\/strong><br \/>TR14 0004 6012 3388 8000 3132 40<\/p><hr \/><p><strong>\u0130\u015e BANKASI<\/strong><br \/>TR81 0006 4000 0011 2230 8679 89<\/p><hr \/><p><strong>GARANT\u0130 BANKASI<\/strong><br \/>TR53 0006 2000 3410 0006 2979 21<\/p><hr \/><p><strong>YAPIKRED\u0130 BANKASI<\/strong><br \/>TR79 0006 7010 0000 0066 0471 40<\/p>\t\t\t\t\t\t\t\t<\/div>\n\t\t\t\t<\/div>\n\t\t\t\t\t<\/div>\n\t\t<\/div>\n\t\t\t\t<div class=\"elementor-column elementor-col-50 elementor-top-column elementor-element elementor-element-8ce144c ts-bg-color-over-image\" data-id=\"8ce144c\" data-element_type=\"column\" data-e-type=\"column\">\n\t\t\t<div class=\"elementor-widget-wrap elementor-element-populated\">\n\t\t\t\t\t\t<div class=\"elementor-element elementor-element-3a93181 elementor-invisible elementor-widget elementor-widget-image\" data-id=\"3a93181\" data-element_type=\"widget\" data-e-type=\"widget\" data-settings=\"{&quot;_animation&quot;:&quot;rotateInDownRight&quot;}\" data-widget_type=\"image.default\">\n\t\t\t\t<div class=\"elementor-widget-container\">\n\t\t\t\t\t\t\t\t\t\t\t\t\t\t\t<img fetchpriority=\"high\" decoding=\"async\" width=\"512\" height=\"512\" src=\"https:\/\/onkim.com.tr\/wp-content\/uploads\/credit-card.png\" class=\"attachment-full size-full wp-image-2437\" alt=\"\" data-id=\"2437\" \/>\t\t\t\t\t\t\t\t\t\t\t\t\t\t\t<\/div>\n\t\t\t\t<\/div>\n\t\t\t\t\t<\/div>\n\t\t<\/div>\n\t\t\t\t\t<\/div>\n\t\t<\/section>\n\t\t\t\t<\/div>\n\t\t","protected":false},"excerpt":{"rendered":"<p>Bank Accounts Onkim K\u00f6k H\u00fccre Teknolojileri T\u00fcz. San. A.\u015e. AKBANK 4. LEVENT TR14 0004 6012 3388 8000 3132 40 \u0130\u015e BANKASI TR81 0006 4000 0011 2230 8679 89 GARANT\u0130 BANKASI TR53 0006 2000 3410 0006 2979 21 YAPIKRED\u0130 BANKASI TR79 0006 7010 0000 0066 0471 40<\/p>\n","protected":false},"author":1,"featured_media":0,"parent":2614,"menu_order":28,"comment_status":"closed","ping_status":"closed","template":"","meta":{"footnotes":""},"class_list":["post-2661","page","type-page","status-publish","hentry"],"yoast_head":"<!-- This site is optimized with the Yoast SEO plugin v27.4 - https:\/\/yoast.com\/product\/yoast-seo-wordpress\/ -->\n<title>BANK ACCOUNT INFORMATION - Onkim<\/title>\n<meta name=\"description\" content=\"View ONKIM Bank Accounts. For detailed information: +90 212 276 44 49 | info@onkim.com.tr\" \/>\n<meta name=\"robots\" content=\"index, follow, max-snippet:-1, max-image-preview:large, max-video-preview:-1\" \/>\n<link rel=\"canonical\" href=\"https:\/\/onkim.com.tr\/en\/about-us\/bank-account-information\/\" \/>\n<meta property=\"og:locale\" content=\"en_US\" \/>\n<meta property=\"og:type\" content=\"article\" \/>\n<meta property=\"og:title\" content=\"BANK ACCOUNT INFORMATION - Onkim\" \/>\n<meta property=\"og:description\" content=\"View ONKIM Bank Accounts. For detailed information: +90 212 276 44 49 | info@onkim.com.tr\" \/>\n<meta property=\"og:url\" content=\"https:\/\/onkim.com.tr\/en\/about-us\/bank-account-information\/\" \/>\n<meta property=\"og:site_name\" content=\"Onkim\" \/>\n<meta property=\"article:publisher\" content=\"https:\/\/www.facebook.com\/onkimkht\" \/>\n<meta property=\"article:modified_time\" content=\"2024-10-13T22:43:25+00:00\" \/>\n<meta property=\"og:image\" content=\"https:\/\/onkim.com.tr\/wp-content\/uploads\/credit-card.png\" \/>\n<meta name=\"twitter:card\" content=\"summary_large_image\" \/>\n<meta name=\"twitter:site\" content=\"@onkimkht\" \/>\n<meta name=\"twitter:label1\" content=\"Est. reading time\" \/>\n\t<meta name=\"twitter:data1\" content=\"1 minute\" \/>\n<script type=\"application\/ld+json\" class=\"yoast-schema-graph\">{\"@context\":\"https:\\\/\\\/schema.org\",\"@graph\":[{\"@type\":\"WebPage\",\"@id\":\"https:\\\/\\\/onkim.com.tr\\\/en\\\/about-us\\\/bank-account-information\\\/\",\"url\":\"https:\\\/\\\/onkim.com.tr\\\/en\\\/about-us\\\/bank-account-information\\\/\",\"name\":\"BANK ACCOUNT INFORMATION - Onkim\",\"isPartOf\":{\"@id\":\"https:\\\/\\\/onkim.com.tr\\\/en\\\/#website\"},\"primaryImageOfPage\":{\"@id\":\"https:\\\/\\\/onkim.com.tr\\\/en\\\/about-us\\\/bank-account-information\\\/#primaryimage\"},\"image\":{\"@id\":\"https:\\\/\\\/onkim.com.tr\\\/en\\\/about-us\\\/bank-account-information\\\/#primaryimage\"},\"thumbnailUrl\":\"https:\\\/\\\/onkim.com.tr\\\/wp-content\\\/uploads\\\/credit-card.png\",\"datePublished\":\"2024-08-08T13:00:00+00:00\",\"dateModified\":\"2024-10-13T22:43:25+00:00\",\"description\":\"View ONKIM Bank Accounts. For detailed information: +90 212 276 44 49 | info@onkim.com.tr\",\"breadcrumb\":{\"@id\":\"https:\\\/\\\/onkim.com.tr\\\/en\\\/about-us\\\/bank-account-information\\\/#breadcrumb\"},\"inLanguage\":\"en-US\",\"potentialAction\":[{\"@type\":\"ReadAction\",\"target\":[\"https:\\\/\\\/onkim.com.tr\\\/en\\\/about-us\\\/bank-account-information\\\/\"]}]},{\"@type\":\"ImageObject\",\"inLanguage\":\"en-US\",\"@id\":\"https:\\\/\\\/onkim.com.tr\\\/en\\\/about-us\\\/bank-account-information\\\/#primaryimage\",\"url\":\"https:\\\/\\\/onkim.com.tr\\\/wp-content\\\/uploads\\\/credit-card.png\",\"contentUrl\":\"https:\\\/\\\/onkim.com.tr\\\/wp-content\\\/uploads\\\/credit-card.png\"},{\"@type\":\"BreadcrumbList\",\"@id\":\"https:\\\/\\\/onkim.com.tr\\\/en\\\/about-us\\\/bank-account-information\\\/#breadcrumb\",\"itemListElement\":[{\"@type\":\"ListItem\",\"position\":1,\"name\":\"Anasayfa\",\"item\":\"https:\\\/\\\/onkim.com.tr\\\/en\\\/\"},{\"@type\":\"ListItem\",\"position\":2,\"name\":\"ABOUT US\",\"item\":\"https:\\\/\\\/onkim.com.tr\\\/en\\\/hakkimizda\\\/\"},{\"@type\":\"ListItem\",\"position\":3,\"name\":\"BANK ACCOUNT INFORMATION\"}]},{\"@type\":\"WebSite\",\"@id\":\"https:\\\/\\\/onkim.com.tr\\\/en\\\/#website\",\"url\":\"https:\\\/\\\/onkim.com.tr\\\/en\\\/\",\"name\":\"Onkim\",\"description\":\"K\u00f6k H\u00fccre Teknolojileri\",\"publisher\":{\"@id\":\"https:\\\/\\\/onkim.com.tr\\\/en\\\/#organization\"},\"potentialAction\":[{\"@type\":\"SearchAction\",\"target\":{\"@type\":\"EntryPoint\",\"urlTemplate\":\"https:\\\/\\\/onkim.com.tr\\\/en\\\/?s={search_term_string}\"},\"query-input\":{\"@type\":\"PropertyValueSpecification\",\"valueRequired\":true,\"valueName\":\"search_term_string\"}}],\"inLanguage\":\"en-US\"},{\"@type\":\"Organization\",\"@id\":\"https:\\\/\\\/onkim.com.tr\\\/en\\\/#organization\",\"name\":\"Onkim\",\"url\":\"https:\\\/\\\/onkim.com.tr\\\/en\\\/\",\"logo\":{\"@type\":\"ImageObject\",\"inLanguage\":\"en-US\",\"@id\":\"https:\\\/\\\/onkim.com.tr\\\/en\\\/#\\\/schema\\\/logo\\\/image\\\/\",\"url\":\"https:\\\/\\\/onkim.com.tr\\\/wp-content\\\/uploads\\\/onkim_logo.jpg\",\"contentUrl\":\"https:\\\/\\\/onkim.com.tr\\\/wp-content\\\/uploads\\\/onkim_logo.jpg\",\"width\":1920,\"height\":1080,\"caption\":\"Onkim\"},\"image\":{\"@id\":\"https:\\\/\\\/onkim.com.tr\\\/en\\\/#\\\/schema\\\/logo\\\/image\\\/\"},\"sameAs\":[\"https:\\\/\\\/www.facebook.com\\\/onkimkht\",\"https:\\\/\\\/x.com\\\/onkimkht\",\"https:\\\/\\\/www.instagram.com\\\/onkimkht\\\/\",\"https:\\\/\\\/www.linkedin.com\\\/company\\\/onkimkht\\\/\",\"https:\\\/\\\/www.youtube.com\\\/@onkimkht\"]}]}<\/script>\n<!-- \/ Yoast SEO plugin. -->","yoast_head_json":{"title":"BANK ACCOUNT INFORMATION - Onkim","description":"View ONKIM Bank Accounts. For detailed information: +90 212 276 44 49 | info@onkim.com.tr","robots":{"index":"index","follow":"follow","max-snippet":"max-snippet:-1","max-image-preview":"max-image-preview:large","max-video-preview":"max-video-preview:-1"},"canonical":"https:\/\/onkim.com.tr\/en\/about-us\/bank-account-information\/","og_locale":"en_US","og_type":"article","og_title":"BANK ACCOUNT INFORMATION - Onkim","og_description":"View ONKIM Bank Accounts. For detailed information: +90 212 276 44 49 | info@onkim.com.tr","og_url":"https:\/\/onkim.com.tr\/en\/about-us\/bank-account-information\/","og_site_name":"Onkim","article_publisher":"https:\/\/www.facebook.com\/onkimkht","article_modified_time":"2024-10-13T22:43:25+00:00","og_image":[{"url":"https:\/\/onkim.com.tr\/wp-content\/uploads\/credit-card.png","type":"","width":"","height":""}],"twitter_card":"summary_large_image","twitter_site":"@onkimkht","twitter_misc":{"Est. reading time":"1 minute"},"schema":{"@context":"https:\/\/schema.org","@graph":[{"@type":"WebPage","@id":"https:\/\/onkim.com.tr\/en\/about-us\/bank-account-information\/","url":"https:\/\/onkim.com.tr\/en\/about-us\/bank-account-information\/","name":"BANK ACCOUNT INFORMATION - Onkim","isPartOf":{"@id":"https:\/\/onkim.com.tr\/en\/#website"},"primaryImageOfPage":{"@id":"https:\/\/onkim.com.tr\/en\/about-us\/bank-account-information\/#primaryimage"},"image":{"@id":"https:\/\/onkim.com.tr\/en\/about-us\/bank-account-information\/#primaryimage"},"thumbnailUrl":"https:\/\/onkim.com.tr\/wp-content\/uploads\/credit-card.png","datePublished":"2024-08-08T13:00:00+00:00","dateModified":"2024-10-13T22:43:25+00:00","description":"View ONKIM Bank Accounts. For detailed information: +90 212 276 44 49 | info@onkim.com.tr","breadcrumb":{"@id":"https:\/\/onkim.com.tr\/en\/about-us\/bank-account-information\/#breadcrumb"},"inLanguage":"en-US","potentialAction":[{"@type":"ReadAction","target":["https:\/\/onkim.com.tr\/en\/about-us\/bank-account-information\/"]}]},{"@type":"ImageObject","inLanguage":"en-US","@id":"https:\/\/onkim.com.tr\/en\/about-us\/bank-account-information\/#primaryimage","url":"https:\/\/onkim.com.tr\/wp-content\/uploads\/credit-card.png","contentUrl":"https:\/\/onkim.com.tr\/wp-content\/uploads\/credit-card.png"},{"@type":"BreadcrumbList","@id":"https:\/\/onkim.com.tr\/en\/about-us\/bank-account-information\/#breadcrumb","itemListElement":[{"@type":"ListItem","position":1,"name":"Anasayfa","item":"https:\/\/onkim.com.tr\/en\/"},{"@type":"ListItem","position":2,"name":"ABOUT US","item":"https:\/\/onkim.com.tr\/en\/hakkimizda\/"},{"@type":"ListItem","position":3,"name":"BANK ACCOUNT INFORMATION"}]},{"@type":"WebSite","@id":"https:\/\/onkim.com.tr\/en\/#website","url":"https:\/\/onkim.com.tr\/en\/","name":"Onkim","description":"K\u00f6k H\u00fccre Teknolojileri","publisher":{"@id":"https:\/\/onkim.com.tr\/en\/#organization"},"potentialAction":[{"@type":"SearchAction","target":{"@type":"EntryPoint","urlTemplate":"https:\/\/onkim.com.tr\/en\/?s={search_term_string}"},"query-input":{"@type":"PropertyValueSpecification","valueRequired":true,"valueName":"search_term_string"}}],"inLanguage":"en-US"},{"@type":"Organization","@id":"https:\/\/onkim.com.tr\/en\/#organization","name":"Onkim","url":"https:\/\/onkim.com.tr\/en\/","logo":{"@type":"ImageObject","inLanguage":"en-US","@id":"https:\/\/onkim.com.tr\/en\/#\/schema\/logo\/image\/","url":"https:\/\/onkim.com.tr\/wp-content\/uploads\/onkim_logo.jpg","contentUrl":"https:\/\/onkim.com.tr\/wp-content\/uploads\/onkim_logo.jpg","width":1920,"height":1080,"caption":"Onkim"},"image":{"@id":"https:\/\/onkim.com.tr\/en\/#\/schema\/logo\/image\/"},"sameAs":["https:\/\/www.facebook.com\/onkimkht","https:\/\/x.com\/onkimkht","https:\/\/www.instagram.com\/onkimkht\/","https:\/\/www.linkedin.com\/company\/onkimkht\/","https:\/\/www.youtube.com\/@onkimkht"]}]}},"_links":{"self":[{"href":"https:\/\/onkim.com.tr\/en\/wp-json\/wp\/v2\/pages\/2661","targetHints":{"allow":["GET"]}}],"collection":[{"href":"https:\/\/onkim.com.tr\/en\/wp-json\/wp\/v2\/pages"}],"about":[{"href":"https:\/\/onkim.com.tr\/en\/wp-json\/wp\/v2\/types\/page"}],"author":[{"embeddable":true,"href":"https:\/\/onkim.com.tr\/en\/wp-json\/wp\/v2\/users\/1"}],"replies":[{"embeddable":true,"href":"https:\/\/onkim.com.tr\/en\/wp-json\/wp\/v2\/comments?post=2661"}],"version-history":[{"count":0,"href":"https:\/\/onkim.com.tr\/en\/wp-json\/wp\/v2\/pages\/2661\/revisions"}],"up":[{"embeddable":true,"href":"https:\/\/onkim.com.tr\/en\/wp-json\/wp\/v2\/pages\/2614"}],"wp:attachment":[{"href":"https:\/\/onkim.com.tr\/en\/wp-json\/wp\/v2\/media?parent=2661"}],"curies":[{"name":"wp","href":"https:\/\/api.w.org\/{rel}","templated":true}]}}