{"id":2652,"date":"2024-08-08T12:13:32","date_gmt":"2024-08-08T12:13:32","guid":{"rendered":"https:\/\/onkim.com.tr\/gebe-egitim-katilim-formu\/"},"modified":"2025-01-17T09:27:43","modified_gmt":"2025-01-17T09:27:43","slug":"pregnancy-education-sign-up-form","status":"publish","type":"page","link":"https:\/\/onkim.com.tr\/en\/pregnancy-education-sign-up-form\/","title":{"rendered":"PREGNANCY EDUCATION SIGN-UP FORM"},"content":{"rendered":"\t\t<div data-elementor-type=\"wp-page\" data-elementor-id=\"2652\" class=\"elementor elementor-2652 elementor-686\">\n\t\t\t\t\t\t<section class=\"elementor-section elementor-top-section elementor-element elementor-element-1488785 ts-col-stretched-none ts-bg-color-over-image elementor-section-boxed elementor-section-height-default elementor-section-height-default\" data-id=\"1488785\" data-element_type=\"section\" data-e-type=\"section\">\n\t\t\t\t\t\t<div class=\"elementor-container elementor-column-gap-no\">\n\t\t\t\t\t<div class=\"elementor-column elementor-col-33 elementor-top-column elementor-element elementor-element-44e0cfa ts-bg-color-over-image\" data-id=\"44e0cfa\" data-element_type=\"column\" data-e-type=\"column\">\n\t\t\t<div class=\"elementor-widget-wrap elementor-element-populated\">\n\t\t\t\t\t\t<div class=\"elementor-element elementor-element-f53a094 elementor-widget elementor-widget-heading\" data-id=\"f53a094\" data-element_type=\"widget\" data-e-type=\"widget\" data-widget_type=\"heading.default\">\n\t\t\t\t<div class=\"elementor-widget-container\">\n\t\t\t\t\t<p class=\"elementor-heading-title elementor-size-default\">ONKIM is with you.<\/p>\t\t\t\t<\/div>\n\t\t\t\t<\/div>\n\t\t\t\t<div class=\"elementor-element elementor-element-180c955 elementor-widget elementor-widget-text-editor\" data-id=\"180c955\" data-element_type=\"widget\" data-e-type=\"widget\" data-widget_type=\"text-editor.default\">\n\t\t\t\t<div class=\"elementor-widget-container\">\n\t\t\t\t\t\t\t\t\t<p>You can fill out the form to participate in the pregnancy education programmes we currently organise.<\/p>\t\t\t\t\t\t\t\t<\/div>\n\t\t\t\t<\/div>\n\t\t\t\t\t<\/div>\n\t\t<\/div>\n\t\t\t\t<div class=\"elementor-column elementor-col-66 elementor-top-column elementor-element elementor-element-8ce144c ts-bg-color-over-image\" data-id=\"8ce144c\" data-element_type=\"column\" data-e-type=\"column\">\n\t\t\t<div class=\"elementor-widget-wrap elementor-element-populated\">\n\t\t\t\t\t\t<div class=\"elementor-element elementor-element-12cde70 elementor-widget elementor-widget-heading\" data-id=\"12cde70\" data-element_type=\"widget\" data-e-type=\"widget\" data-widget_type=\"heading.default\">\n\t\t\t\t<div class=\"elementor-widget-container\">\n\t\t\t\t\t<p class=\"elementor-heading-title elementor-size-default\">Pregnancy Education Registration Form<\/p>\t\t\t\t<\/div>\n\t\t\t\t<\/div>\n\t\t\t\t<div class=\"elementor-element elementor-element-c6e9997 elementor-widget elementor-widget-text-editor\" data-id=\"c6e9997\" data-element_type=\"widget\" data-e-type=\"widget\" data-widget_type=\"text-editor.default\">\n\t\t\t\t<div class=\"elementor-widget-container\">\n\t\t\t\t\t\t\t\t\t<p><strong>There is no available education. Please follow the announcements posted on ONKIM social media accounts.<\/strong><\/p>\t\t\t\t\t\t\t\t<\/div>\n\t\t\t\t<\/div>\n\t\t\t\t<div class=\"elementor-element elementor-element-54fd67b elementor-hidden-desktop elementor-hidden-tablet elementor-hidden-mobile elementor-widget elementor-widget-wpforms\" data-id=\"54fd67b\" data-element_type=\"widget\" data-e-type=\"widget\" data-widget_type=\"wpforms.default\">\n\t\t\t\t<div class=\"elementor-widget-container\">\n\t\t\t\t\t\r\n<style type=\"text\/css\">\r\n\r\n\r\n\r\n\r\n\tbody #wpforms-2798 .wpforms-head-container .wpforms-title {\r\n\tfont-size:14px;\t}\r\n\r\n\r\n\r\n\tbody #wpforms-2798 .wpforms-submit-container .wpforms-submit, body #wpforms-2798 .wpforms-field-pagebreak button.wpforms-page-button {\r\n\t\tfont-size:14px;\t\tborder-width: 0px;\t}\r\n\r\n\tbody #wpforms-2798 .wpforms-submit-container .wpforms-submit:hover, body #wpforms-2798 .wpforms-field-pagebreak button.wpforms-page-button:hover {\r\n\t\t\t}\r\n\r\n\tbody #wpforms-2798 .wpforms-submit-container,\r\n\tbody #wpforms-2798 .wpforms-field-pagebreak .wpforms-pagebreak-left{\r\n\t\t}\r\n\r\n\r\n\tbody #wpforms-2798 .wpforms-form .wpforms-field input[type=text],\r\n\tbody #wpforms-2798 .wpforms-form .wpforms-field input[type=email],\r\n\tbody #wpforms-2798 .wpforms-form .wpforms-field input[type=tel],\r\n\tbody #wpforms-2798 .wpforms-form .wpforms-field input[type=url],\r\n\tbody #wpforms-2798 .wpforms-form .wpforms-field input[type=password],\r\n\tbody #wpforms-2798 .wpforms-form .wpforms-field input[type=number]\r\n\t{\r\n\t\tfont-size:14px;\t\tborder-width: 1px;\t}\r\n\r\n\tbody #wpforms-2798 .wpforms-form .wpforms-field .wpforms-field-row\r\n\t{\r\n\t\t\t}\r\n\r\n\tbody #wpforms-2798 .wpforms-form .wpforms-field-layout.wpforms-field input[type=text],\r\n\tbody #wpforms-2798 .wpforms-form .wpforms-field-layout.wpforms-field input[type=email],\r\n\tbody #wpforms-2798 .wpforms-form .wpforms-field-layout.wpforms-field input[type=tel],\r\n\tbody #wpforms-2798 .wpforms-form .wpforms-field-layout.wpforms-field input[type=url],\r\n\tbody #wpforms-2798 .wpforms-form .wpforms-field-layout.wpforms-field input[type=password],\r\n\tbody #wpforms-2798 .wpforms-form .wpforms-field-layout.wpforms-field input[type=number]{\r\n\t\twidth: 100%;\r\n\t}\r\n\r\n\tbody #wpforms-2798 .wpforms-form .wpforms-field .wpforms-field-row input[type=text]{\r\n\t\twidth: 100%;\r\n\t}\r\n\r\n\r\n\r\n\r\n\r\n\tbody #wpforms-2798 .wpforms-form .wpforms-field textarea {\r\n\t\tfont-size:14px;\t\t\tborder-width: 1px;\t}\r\n\r\n \r\n\r\n\tbody #wpforms-2798 .wpforms-form .wpforms-field select {\r\n\r\n\t\tfont-size:14px;\r\n\t\tborder-width: 1px;\t}\r\n\r\n\t\/* dropdown styles on modern background *\/\r\n\tbody #wpforms-2798 .wpforms-form .wpforms-field-select-style-modern .choices__inner{\r\n\t\tfont-size:14px;\t\t\r\n\t}\r\n\r\n\t\/* background color on modern dropdown *\/\r\n\t\r\n \r\n\tbody #wpforms-2798 .wpforms-form .wpforms-field .wpforms-field-description {\r\n\r\n\t\tfont-size:14px;\t}\r\n\r\n \r\n\tbody #wpforms-2798 .wpforms-form .wpforms-field label.wpforms-field-label,\r\n\tbody #wpforms-2798 .wpforms-form .wpforms-field .wpforms-field-label {\r\n\t\tcolor:#adadad ;font-size:14px;\t}\r\n\r\n\r\n \r\n\tbody #wpforms-confirmation-2798  {\r\n\r\n\tfont-size:14px;\t\t\tborder-width: 1px;\t}\r\n\r\n\tbody #wpforms-confirmation-2798 p{\r\n\t\ttext-transform: uppercase;\r\n\t\ttext-decoration: underline;\r\n\t\tcolor: inherit;\r\n\t}\r\n\r\n \r\n\tbody #wpforms-2798 label.wpforms-error,\r\n\tbody #wpforms-2798 .wpforms-error[role=\"alert\"] {\r\n\t\twidth:14px ;\r\n\t\t\t\tborder-width: 1px;\t}\r\n\/* Styling for Tablets *\/\r\n@media only screen and (max-width: 800px) and (min-width:481px) {\r\n\t\r\n\r\n\r\n\r\n}\r\n\r\n@media only screen and (max-width: 480px){\r\n\t\r\n\r\n\r\n\r\n}\r\n\/*Option to add custom CSS *\/\r\n\r\n\r\n\r\n\t\t<\/style>\r\n\t\t<div class=\"wpforms-container wpforms-container-full wpforms-render-modern\" id=\"wpforms-2798\"><form id=\"wpforms-form-2798\" class=\"wpforms-validate wpforms-form wpforms-ajax-form\" data-formid=\"2798\" method=\"post\" enctype=\"multipart\/form-data\" action=\"\/en\/wp-json\/wp\/v2\/pages\/2652\" data-token=\"f047ba45bc1ca20b20d83f29b5427b37\" data-token-time=\"1777681900\"><noscript class=\"wpforms-error-noscript\">Please enable JavaScript in your browser to complete this form.<\/noscript><div id=\"wpforms-error-noscript\" style=\"display: none;\">Please enable JavaScript in your browser to complete this form.<\/div><div class=\"wpforms-field-container\"><div id=\"wpforms-2798-field_0-container\" class=\"wpforms-field wpforms-field-name\" data-field-id=\"0\"><label class=\"wpforms-field-label wpforms-label-hide\" for=\"wpforms-2798-field_0\" aria-hidden=\"false\">Name <span class=\"wpforms-required-label\" aria-hidden=\"true\">*<\/span><\/label><input type=\"text\" id=\"wpforms-2798-field_0\" class=\"wpforms-field-large wpforms-field-required\" name=\"wpforms[fields][0]\" placeholder=\"Your Name *\" aria-errormessage=\"wpforms-2798-field_0-error\" required><\/div><div id=\"wpforms-2798-field_4-container\" class=\"wpforms-field wpforms-field-layout\" data-field-id=\"4\"><div class=\"wpforms-field-layout-rows wpforms-field-large\"><div class=\"wpforms-layout-row\"><div class=\"wpforms-layout-column wpforms-layout-column-50\"><div id=\"wpforms-2798-field_1-container\" class=\"wpforms-field wpforms-field-email\" data-field-id=\"1\"><label class=\"wpforms-field-label wpforms-label-hide\" for=\"wpforms-2798-field_1\" aria-hidden=\"false\">E-mail <span class=\"wpforms-required-label\" aria-hidden=\"true\">*<\/span><\/label><input type=\"email\" id=\"wpforms-2798-field_1\" class=\"wpforms-field-large wpforms-field-required\" name=\"wpforms[fields][1]\" placeholder=\"Your E-mail *\" spellcheck=\"false\" aria-errormessage=\"wpforms-2798-field_1-error\" required><\/div><\/div><div class=\"wpforms-layout-column wpforms-layout-column-50\"><div id=\"wpforms-2798-field_3-container\" class=\"wpforms-field wpforms-field-phone\" data-field-id=\"3\"><label class=\"wpforms-field-label wpforms-label-hide\" for=\"wpforms-2798-field_3\" aria-hidden=\"false\">Phone <span class=\"wpforms-required-label\" aria-hidden=\"true\">*<\/span><\/label><input type=\"tel\" id=\"wpforms-2798-field_3\" class=\"wpforms-field-medium wpforms-field-required\" data-rule-int-phone-field=\"true\" name=\"wpforms[fields][3]\" placeholder=\"Your Phone *\" aria-label=\"Phone\" aria-errormessage=\"wpforms-2798-field_3-error\" required><\/div><\/div><\/div><div class=\"wpforms-layout-row\"><div class=\"wpforms-layout-column wpforms-layout-column-50\"><div id=\"wpforms-2798-field_19-container\" class=\"wpforms-field wpforms-field-text\" data-field-id=\"19\"><label class=\"wpforms-field-label\" for=\"wpforms-2798-field_19\">Your City <span class=\"wpforms-required-label\" aria-hidden=\"true\">*<\/span><\/label><input type=\"text\" id=\"wpforms-2798-field_19\" class=\"wpforms-field-medium wpforms-field-required\" name=\"wpforms[fields][19]\" placeholder=\"Istanbul, Izmir, K\u0131br\u0131s, Azerbaycan...\" aria-errormessage=\"wpforms-2798-field_19-error\" required><\/div><\/div><div class=\"wpforms-layout-column wpforms-layout-column-50\"><div id=\"wpforms-2798-field_20-container\" class=\"wpforms-field wpforms-field-text\" data-field-id=\"20\"><label class=\"wpforms-field-label\" for=\"wpforms-2798-field_20\">How many weeks pregnant are you? <span class=\"wpforms-required-label\" aria-hidden=\"true\">*<\/span><\/label><input type=\"text\" id=\"wpforms-2798-field_20\" class=\"wpforms-field-medium wpforms-field-required\" name=\"wpforms[fields][20]\" placeholder=\"28, 37...\" aria-errormessage=\"wpforms-2798-field_20-error\" required><\/div><\/div><\/div><\/div><\/div><div id=\"wpforms-2798-field_18-container\" class=\"wpforms-field wpforms-field-select wpforms-field-select-style-classic\" data-field-id=\"18\"><label class=\"wpforms-field-label\" for=\"wpforms-2798-field_18\">Education you want to attend <span class=\"wpforms-required-label\" aria-hidden=\"true\">*<\/span><\/label><select id=\"wpforms-2798-field_18\" class=\"wpforms-field-large wpforms-field-required\" name=\"wpforms[fields][18][]\" required=\"required\" multiple=\"multiple\"><option value=\"\" class=\"placeholder\" disabled >Choose<\/option><option value=\"There is no available education.\"  class=\"choice-88 depth-1\"  >There is no available education.<\/option><\/select><\/div><div id=\"wpforms-2798-field_10-container\" class=\"wpforms-field wpforms-field-text\" data-field-id=\"10\"><label class=\"wpforms-field-label wpforms-label-hide\" for=\"wpforms-2798-field_10\" aria-hidden=\"false\">Hospital and Doctor <span class=\"wpforms-required-label\" aria-hidden=\"true\">*<\/span><\/label><input type=\"text\" id=\"wpforms-2798-field_10\" class=\"wpforms-field-large wpforms-field-required\" name=\"wpforms[fields][10]\" placeholder=\"Please specify the hospital and doctor where you will give childbirth *\" aria-errormessage=\"wpforms-2798-field_10-error\" required><\/div><div id=\"wpforms-2798-field_16-container\" class=\"wpforms-field wpforms-field-select wpforms-field-select-style-classic\" data-field-id=\"16\"><label class=\"wpforms-field-label\" for=\"wpforms-2798-field_16\">Would you like to be called for information about Cord Blood? <span class=\"wpforms-required-label\" aria-hidden=\"true\">*<\/span><\/label><select id=\"wpforms-2798-field_16\" class=\"wpforms-field-large wpforms-field-required\" name=\"wpforms[fields][16][]\" required=\"required\" multiple=\"multiple\"><option value=\"\" class=\"placeholder\" disabled >Choose<\/option><option value=\"Yes\"  class=\"choice-87 depth-1\"  >Yes<\/option><option value=\"No\"  class=\"choice-88 depth-1\"  >No<\/option><\/select><\/div><\/div><!-- .wpforms-field-container --><div class=\"wpforms-submit-container\" ><input type=\"hidden\" name=\"wpforms[id]\" value=\"2798\"><input type=\"hidden\" name=\"page_title\" value=\"\"><input type=\"hidden\" name=\"page_url\" value=\"https:\/\/onkim.com.tr\/en\/wp-json\/wp\/v2\/pages\/2652\"><input type=\"hidden\" name=\"url_referer\" value=\"\"><button type=\"submit\" name=\"wpforms[submit]\" id=\"wpforms-submit-2798\" class=\"wpforms-submit\" data-alt-text=\"Sending...\" data-submit-text=\"Send\" aria-live=\"assertive\" value=\"wpforms-submit\">Send<\/button><img decoding=\"async\" src=\"https:\/\/onkim.com.tr\/wp-content\/plugins\/wpforms\/assets\/images\/submit-spin.svg\" class=\"wpforms-submit-spinner\" style=\"display: none;\" width=\"26\" height=\"26\" alt=\"Loading\"><\/div><\/form><\/div>  <!-- .wpforms-container -->\t\t\t\t<\/div>\n\t\t\t\t<\/div>\n\t\t\t\t<div class=\"elementor-element elementor-element-a0f1d12 elementor-hidden-desktop elementor-hidden-tablet elementor-hidden-mobile elementor-widget elementor-widget-text-editor\" data-id=\"a0f1d12\" data-element_type=\"widget\" data-e-type=\"widget\" data-widget_type=\"text-editor.default\">\n\t\t\t\t<div class=\"elementor-widget-container\">\n\t\t\t\t\t\t\t\t\t<p>ONKIM undertakes not to share your personal information with any person, institution or organisation for your privacy and security.\u00a0<\/p><p>Your Personal Data, which we have received via this form or e-mail, is processed in a specially encrypted software program in our company in order to increase our quality standards and to follow you until childbirth and to provide flawless service, as seen by the Board of Directors and Customer Relations, which is seen as our Team on www.onkim.com.tr.<\/p><p>The personal data received are stored in the software system for 10 years and are not shared with third parties. In case of signing a Cord Blood or Umbilical Cord Blood Storage Agreement, the Information Document and Privacy Agreement regarding the data received will be given to you with your file.<\/p>\t\t\t\t\t\t\t\t<\/div>\n\t\t\t\t<\/div>\n\t\t\t\t\t<\/div>\n\t\t<\/div>\n\t\t\t\t\t<\/div>\n\t\t<\/section>\n\t\t\t\t<\/div>\n\t\t","protected":false},"excerpt":{"rendered":"<p>ONKIM is with you. You can fill out the form to participate in the pregnancy education programmes we currently organise. Pregnancy Education Registration Form There is no available education. Please follow the announcements posted on ONKIM social media accounts. Bu formu bitirebilmek i\u00e7in taray\u0131c\u0131n\u0131zda JavaScript&#039;i etkinle\u015ftirin.Bu formu bitirebilmek i\u00e7in taray\u0131c\u0131n\u0131zda JavaScript&#039;i etkinle\u015ftirin.Ad\u0131 Soyad\u0131 *E-posta *Telefon &hellip; <a href=\"https:\/\/onkim.com.tr\/en\/pregnancy-education-sign-up-form\/\" class=\"more-link\" title=\"Continue reading <span class=\"screen-reader-text\">PREGNANCY EDUCATION SIGN-UP FORM<\/span>&#8220;>Continue reading <span class=\"screen-reader-text\">PREGNANCY EDUCATION SIGN-UP FORM<\/span><\/a><\/p>\n","protected":false},"author":1,"featured_media":0,"parent":0,"menu_order":28,"comment_status":"closed","ping_status":"closed","template":"","meta":{"footnotes":""},"class_list":["post-2652","page","type-page","status-publish","hentry"],"yoast_head":"<!-- This site is optimized with the Yoast SEO plugin v27.5 - https:\/\/yoast.com\/product\/yoast-seo-wordpress\/ -->\n<title>PREGNANCY EDUCATION SIGN-UP FORM - Onkim<\/title>\n<meta name=\"description\" content=\"Join ONKIM Pregnancy Educations. You can follow our social media accounts for up-to-date educations. For detailed information: +90 212 276 44 49 | info@onkim.com.tr\" \/>\n<meta name=\"robots\" content=\"index, follow, max-snippet:-1, max-image-preview:large, max-video-preview:-1\" \/>\n<link rel=\"canonical\" href=\"https:\/\/onkim.com.tr\/en\/pregnancy-education-sign-up-form\/\" \/>\n<meta property=\"og:locale\" content=\"en_US\" \/>\n<meta property=\"og:type\" content=\"article\" \/>\n<meta property=\"og:title\" content=\"PREGNANCY EDUCATION SIGN-UP FORM - Onkim\" \/>\n<meta property=\"og:description\" content=\"Join ONKIM Pregnancy Educations. You can follow our social media accounts for up-to-date educations. For detailed information: +90 212 276 44 49 | info@onkim.com.tr\" \/>\n<meta property=\"og:url\" content=\"https:\/\/onkim.com.tr\/en\/pregnancy-education-sign-up-form\/\" \/>\n<meta property=\"og:site_name\" content=\"Onkim\" \/>\n<meta property=\"article:publisher\" content=\"https:\/\/www.facebook.com\/onkimkht\" \/>\n<meta property=\"article:modified_time\" content=\"2025-01-17T09:27:43+00:00\" \/>\n<meta property=\"og:image\" content=\"https:\/\/onkim.com.tr\/wp-content\/plugins\/wpforms\/assets\/images\/submit-spin.svg\" \/>\n<meta name=\"twitter:card\" content=\"summary_large_image\" \/>\n<meta name=\"twitter:site\" content=\"@onkimkht\" \/>\n<meta name=\"twitter:label1\" content=\"Est. reading time\" \/>\n\t<meta name=\"twitter:data1\" content=\"2 minutes\" \/>\n<script type=\"application\/ld+json\" class=\"yoast-schema-graph\">{\"@context\":\"https:\\\/\\\/schema.org\",\"@graph\":[{\"@type\":\"WebPage\",\"@id\":\"https:\\\/\\\/onkim.com.tr\\\/en\\\/pregnancy-education-sign-up-form\\\/\",\"url\":\"https:\\\/\\\/onkim.com.tr\\\/en\\\/pregnancy-education-sign-up-form\\\/\",\"name\":\"PREGNANCY EDUCATION SIGN-UP FORM - Onkim\",\"isPartOf\":{\"@id\":\"https:\\\/\\\/onkim.com.tr\\\/en\\\/#website\"},\"primaryImageOfPage\":{\"@id\":\"https:\\\/\\\/onkim.com.tr\\\/en\\\/pregnancy-education-sign-up-form\\\/#primaryimage\"},\"image\":{\"@id\":\"https:\\\/\\\/onkim.com.tr\\\/en\\\/pregnancy-education-sign-up-form\\\/#primaryimage\"},\"thumbnailUrl\":\"https:\\\/\\\/onkim.com.tr\\\/wp-content\\\/plugins\\\/wpforms\\\/assets\\\/images\\\/submit-spin.svg\",\"datePublished\":\"2024-08-08T12:13:32+00:00\",\"dateModified\":\"2025-01-17T09:27:43+00:00\",\"description\":\"Join ONKIM Pregnancy Educations. You can follow our social media accounts for up-to-date educations. For detailed information: +90 212 276 44 49 | info@onkim.com.tr\",\"breadcrumb\":{\"@id\":\"https:\\\/\\\/onkim.com.tr\\\/en\\\/pregnancy-education-sign-up-form\\\/#breadcrumb\"},\"inLanguage\":\"en-US\",\"potentialAction\":[{\"@type\":\"ReadAction\",\"target\":[\"https:\\\/\\\/onkim.com.tr\\\/en\\\/pregnancy-education-sign-up-form\\\/\"]}]},{\"@type\":\"ImageObject\",\"inLanguage\":\"en-US\",\"@id\":\"https:\\\/\\\/onkim.com.tr\\\/en\\\/pregnancy-education-sign-up-form\\\/#primaryimage\",\"url\":\"https:\\\/\\\/onkim.com.tr\\\/wp-content\\\/plugins\\\/wpforms\\\/assets\\\/images\\\/submit-spin.svg\",\"contentUrl\":\"https:\\\/\\\/onkim.com.tr\\\/wp-content\\\/plugins\\\/wpforms\\\/assets\\\/images\\\/submit-spin.svg\"},{\"@type\":\"BreadcrumbList\",\"@id\":\"https:\\\/\\\/onkim.com.tr\\\/en\\\/pregnancy-education-sign-up-form\\\/#breadcrumb\",\"itemListElement\":[{\"@type\":\"ListItem\",\"position\":1,\"name\":\"Anasayfa\",\"item\":\"https:\\\/\\\/onkim.com.tr\\\/en\\\/\"},{\"@type\":\"ListItem\",\"position\":2,\"name\":\"PREGNANCY EDUCATION SIGN-UP FORM\"}]},{\"@type\":\"WebSite\",\"@id\":\"https:\\\/\\\/onkim.com.tr\\\/en\\\/#website\",\"url\":\"https:\\\/\\\/onkim.com.tr\\\/en\\\/\",\"name\":\"Onkim\",\"description\":\"K\u00f6k H\u00fccre Teknolojileri\",\"publisher\":{\"@id\":\"https:\\\/\\\/onkim.com.tr\\\/en\\\/#organization\"},\"potentialAction\":[{\"@type\":\"SearchAction\",\"target\":{\"@type\":\"EntryPoint\",\"urlTemplate\":\"https:\\\/\\\/onkim.com.tr\\\/en\\\/?s={search_term_string}\"},\"query-input\":{\"@type\":\"PropertyValueSpecification\",\"valueRequired\":true,\"valueName\":\"search_term_string\"}}],\"inLanguage\":\"en-US\"},{\"@type\":\"Organization\",\"@id\":\"https:\\\/\\\/onkim.com.tr\\\/en\\\/#organization\",\"name\":\"Onkim\",\"url\":\"https:\\\/\\\/onkim.com.tr\\\/en\\\/\",\"logo\":{\"@type\":\"ImageObject\",\"inLanguage\":\"en-US\",\"@id\":\"https:\\\/\\\/onkim.com.tr\\\/en\\\/#\\\/schema\\\/logo\\\/image\\\/\",\"url\":\"https:\\\/\\\/onkim.com.tr\\\/wp-content\\\/uploads\\\/onkim_logo.jpg\",\"contentUrl\":\"https:\\\/\\\/onkim.com.tr\\\/wp-content\\\/uploads\\\/onkim_logo.jpg\",\"width\":1920,\"height\":1080,\"caption\":\"Onkim\"},\"image\":{\"@id\":\"https:\\\/\\\/onkim.com.tr\\\/en\\\/#\\\/schema\\\/logo\\\/image\\\/\"},\"sameAs\":[\"https:\\\/\\\/www.facebook.com\\\/onkimkht\",\"https:\\\/\\\/x.com\\\/onkimkht\",\"https:\\\/\\\/www.instagram.com\\\/onkimkht\\\/\",\"https:\\\/\\\/www.linkedin.com\\\/company\\\/onkimkht\\\/\",\"https:\\\/\\\/www.youtube.com\\\/@onkimkht\"]}]}<\/script>\n<!-- \/ Yoast SEO plugin. -->","yoast_head_json":{"title":"PREGNANCY EDUCATION SIGN-UP FORM - Onkim","description":"Join ONKIM Pregnancy Educations. You can follow our social media accounts for up-to-date educations. For detailed information: +90 212 276 44 49 | info@onkim.com.tr","robots":{"index":"index","follow":"follow","max-snippet":"max-snippet:-1","max-image-preview":"max-image-preview:large","max-video-preview":"max-video-preview:-1"},"canonical":"https:\/\/onkim.com.tr\/en\/pregnancy-education-sign-up-form\/","og_locale":"en_US","og_type":"article","og_title":"PREGNANCY EDUCATION SIGN-UP FORM - Onkim","og_description":"Join ONKIM Pregnancy Educations. You can follow our social media accounts for up-to-date educations. For detailed information: +90 212 276 44 49 | info@onkim.com.tr","og_url":"https:\/\/onkim.com.tr\/en\/pregnancy-education-sign-up-form\/","og_site_name":"Onkim","article_publisher":"https:\/\/www.facebook.com\/onkimkht","article_modified_time":"2025-01-17T09:27:43+00:00","og_image":[{"url":"https:\/\/onkim.com.tr\/wp-content\/plugins\/wpforms\/assets\/images\/submit-spin.svg","type":"","width":"","height":""}],"twitter_card":"summary_large_image","twitter_site":"@onkimkht","twitter_misc":{"Est. reading time":"2 minutes"},"schema":{"@context":"https:\/\/schema.org","@graph":[{"@type":"WebPage","@id":"https:\/\/onkim.com.tr\/en\/pregnancy-education-sign-up-form\/","url":"https:\/\/onkim.com.tr\/en\/pregnancy-education-sign-up-form\/","name":"PREGNANCY EDUCATION SIGN-UP FORM - Onkim","isPartOf":{"@id":"https:\/\/onkim.com.tr\/en\/#website"},"primaryImageOfPage":{"@id":"https:\/\/onkim.com.tr\/en\/pregnancy-education-sign-up-form\/#primaryimage"},"image":{"@id":"https:\/\/onkim.com.tr\/en\/pregnancy-education-sign-up-form\/#primaryimage"},"thumbnailUrl":"https:\/\/onkim.com.tr\/wp-content\/plugins\/wpforms\/assets\/images\/submit-spin.svg","datePublished":"2024-08-08T12:13:32+00:00","dateModified":"2025-01-17T09:27:43+00:00","description":"Join ONKIM Pregnancy Educations. You can follow our social media accounts for up-to-date educations. For detailed information: +90 212 276 44 49 | info@onkim.com.tr","breadcrumb":{"@id":"https:\/\/onkim.com.tr\/en\/pregnancy-education-sign-up-form\/#breadcrumb"},"inLanguage":"en-US","potentialAction":[{"@type":"ReadAction","target":["https:\/\/onkim.com.tr\/en\/pregnancy-education-sign-up-form\/"]}]},{"@type":"ImageObject","inLanguage":"en-US","@id":"https:\/\/onkim.com.tr\/en\/pregnancy-education-sign-up-form\/#primaryimage","url":"https:\/\/onkim.com.tr\/wp-content\/plugins\/wpforms\/assets\/images\/submit-spin.svg","contentUrl":"https:\/\/onkim.com.tr\/wp-content\/plugins\/wpforms\/assets\/images\/submit-spin.svg"},{"@type":"BreadcrumbList","@id":"https:\/\/onkim.com.tr\/en\/pregnancy-education-sign-up-form\/#breadcrumb","itemListElement":[{"@type":"ListItem","position":1,"name":"Anasayfa","item":"https:\/\/onkim.com.tr\/en\/"},{"@type":"ListItem","position":2,"name":"PREGNANCY EDUCATION SIGN-UP FORM"}]},{"@type":"WebSite","@id":"https:\/\/onkim.com.tr\/en\/#website","url":"https:\/\/onkim.com.tr\/en\/","name":"Onkim","description":"K\u00f6k H\u00fccre Teknolojileri","publisher":{"@id":"https:\/\/onkim.com.tr\/en\/#organization"},"potentialAction":[{"@type":"SearchAction","target":{"@type":"EntryPoint","urlTemplate":"https:\/\/onkim.com.tr\/en\/?s={search_term_string}"},"query-input":{"@type":"PropertyValueSpecification","valueRequired":true,"valueName":"search_term_string"}}],"inLanguage":"en-US"},{"@type":"Organization","@id":"https:\/\/onkim.com.tr\/en\/#organization","name":"Onkim","url":"https:\/\/onkim.com.tr\/en\/","logo":{"@type":"ImageObject","inLanguage":"en-US","@id":"https:\/\/onkim.com.tr\/en\/#\/schema\/logo\/image\/","url":"https:\/\/onkim.com.tr\/wp-content\/uploads\/onkim_logo.jpg","contentUrl":"https:\/\/onkim.com.tr\/wp-content\/uploads\/onkim_logo.jpg","width":1920,"height":1080,"caption":"Onkim"},"image":{"@id":"https:\/\/onkim.com.tr\/en\/#\/schema\/logo\/image\/"},"sameAs":["https:\/\/www.facebook.com\/onkimkht","https:\/\/x.com\/onkimkht","https:\/\/www.instagram.com\/onkimkht\/","https:\/\/www.linkedin.com\/company\/onkimkht\/","https:\/\/www.youtube.com\/@onkimkht"]}]}},"_links":{"self":[{"href":"https:\/\/onkim.com.tr\/en\/wp-json\/wp\/v2\/pages\/2652","targetHints":{"allow":["GET"]}}],"collection":[{"href":"https:\/\/onkim.com.tr\/en\/wp-json\/wp\/v2\/pages"}],"about":[{"href":"https:\/\/onkim.com.tr\/en\/wp-json\/wp\/v2\/types\/page"}],"author":[{"embeddable":true,"href":"https:\/\/onkim.com.tr\/en\/wp-json\/wp\/v2\/users\/1"}],"replies":[{"embeddable":true,"href":"https:\/\/onkim.com.tr\/en\/wp-json\/wp\/v2\/comments?post=2652"}],"version-history":[{"count":6,"href":"https:\/\/onkim.com.tr\/en\/wp-json\/wp\/v2\/pages\/2652\/revisions"}],"predecessor-version":[{"id":3324,"href":"https:\/\/onkim.com.tr\/en\/wp-json\/wp\/v2\/pages\/2652\/revisions\/3324"}],"wp:attachment":[{"href":"https:\/\/onkim.com.tr\/en\/wp-json\/wp\/v2\/media?parent=2652"}],"curies":[{"name":"wp","href":"https:\/\/api.w.org\/{rel}","templated":true}]}}