{"id":2649,"date":"2024-07-18T11:13:19","date_gmt":"2024-07-18T11:13:19","guid":{"rendered":"https:\/\/onkim.com.tr\/geri-bildirim-formu\/"},"modified":"2024-10-13T21:20:08","modified_gmt":"2024-10-13T21:20:08","slug":"feedback-form","status":"publish","type":"page","link":"https:\/\/onkim.com.tr\/en\/feedback-form\/","title":{"rendered":"FEEDBACK FORM"},"content":{"rendered":"\t\t<div data-elementor-type=\"wp-page\" data-elementor-id=\"2649\" class=\"elementor elementor-2649 elementor-293\">\n\t\t\t\t\t\t<section class=\"elementor-section elementor-top-section elementor-element elementor-element-f14e0c0 ts-col-stretched-none ts-bg-color-over-image elementor-section-boxed elementor-section-height-default elementor-section-height-default\" data-id=\"f14e0c0\" data-element_type=\"section\" data-e-type=\"section\">\n\t\t\t\t\t\t<div class=\"elementor-container elementor-column-gap-no\">\n\t\t\t\t\t<div class=\"elementor-column elementor-col-33 elementor-top-column elementor-element elementor-element-603c00d ts-bg-color-over-image\" data-id=\"603c00d\" data-element_type=\"column\" data-e-type=\"column\">\n\t\t\t<div class=\"elementor-widget-wrap elementor-element-populated\">\n\t\t\t\t\t\t<div class=\"elementor-element elementor-element-43fbfda elementor-widget elementor-widget-heading\" data-id=\"43fbfda\" data-element_type=\"widget\" data-e-type=\"widget\" data-widget_type=\"heading.default\">\n\t\t\t\t<div class=\"elementor-widget-container\">\n\t\t\t\t\t<p class=\"elementor-heading-title elementor-size-default\">Your thoughts are important.<\/p>\t\t\t\t<\/div>\n\t\t\t\t<\/div>\n\t\t\t\t<div class=\"elementor-element elementor-element-9d68197 elementor-widget__width-initial elementor-widget elementor-widget-text-editor\" data-id=\"9d68197\" data-element_type=\"widget\" data-e-type=\"widget\" data-widget_type=\"text-editor.default\">\n\t\t\t\t<div class=\"elementor-widget-container\">\n\t\t\t\t\t\t\t\t\t<p>Thank you for your interest in ONKIM. The feedback we receive from you is important to provide a better service. We kindly ask you to share your experiences and suggestions with us by filling out the form.<\/p>\t\t\t\t\t\t\t\t<\/div>\n\t\t\t\t<\/div>\n\t\t\t\t\t<\/div>\n\t\t<\/div>\n\t\t\t\t<div class=\"elementor-column elementor-col-66 elementor-top-column elementor-element elementor-element-5b29a90 ts-bg-color-over-image\" data-id=\"5b29a90\" data-element_type=\"column\" data-e-type=\"column\">\n\t\t\t<div class=\"elementor-widget-wrap elementor-element-populated\">\n\t\t\t\t\t\t<div class=\"elementor-element elementor-element-504ce12 elementor-widget elementor-widget-heading\" data-id=\"504ce12\" data-element_type=\"widget\" data-e-type=\"widget\" data-widget_type=\"heading.default\">\n\t\t\t\t<div class=\"elementor-widget-container\">\n\t\t\t\t\t<p class=\"elementor-heading-title elementor-size-default\">Feedback Form<\/p>\t\t\t\t<\/div>\n\t\t\t\t<\/div>\n\t\t\t\t<div class=\"elementor-element elementor-element-b676f58 elementor-widget elementor-widget-wpforms\" data-id=\"b676f58\" data-element_type=\"widget\" data-e-type=\"widget\" data-widget_type=\"wpforms.default\">\n\t\t\t\t<div class=\"elementor-widget-container\">\n\t\t\t\t\t\r\n<style type=\"text\/css\">\r\n\r\n\r\n\r\n\r\n\tbody #wpforms-2802 .wpforms-head-container .wpforms-title {\r\n\tfont-size:14px;\t}\r\n\r\n\r\n\r\n\tbody #wpforms-2802 .wpforms-submit-container .wpforms-submit, body #wpforms-2802 .wpforms-field-pagebreak button.wpforms-page-button {\r\n\t\tfont-size:14px;\t\tborder-width: 0px;\t}\r\n\r\n\tbody #wpforms-2802 .wpforms-submit-container .wpforms-submit:hover, body #wpforms-2802 .wpforms-field-pagebreak button.wpforms-page-button:hover {\r\n\t\t\t}\r\n\r\n\tbody #wpforms-2802 .wpforms-submit-container,\r\n\tbody #wpforms-2802 .wpforms-field-pagebreak .wpforms-pagebreak-left{\r\n\t\t}\r\n\r\n\r\n\tbody #wpforms-2802 .wpforms-form .wpforms-field input[type=text],\r\n\tbody #wpforms-2802 .wpforms-form .wpforms-field input[type=email],\r\n\tbody #wpforms-2802 .wpforms-form .wpforms-field input[type=tel],\r\n\tbody #wpforms-2802 .wpforms-form .wpforms-field input[type=url],\r\n\tbody #wpforms-2802 .wpforms-form .wpforms-field input[type=password],\r\n\tbody #wpforms-2802 .wpforms-form .wpforms-field input[type=number]\r\n\t{\r\n\t\tfont-size:14px;\t\tborder-width: 1px;\t}\r\n\r\n\tbody #wpforms-2802 .wpforms-form .wpforms-field .wpforms-field-row\r\n\t{\r\n\t\t\t}\r\n\r\n\tbody #wpforms-2802 .wpforms-form .wpforms-field-layout.wpforms-field input[type=text],\r\n\tbody #wpforms-2802 .wpforms-form .wpforms-field-layout.wpforms-field input[type=email],\r\n\tbody #wpforms-2802 .wpforms-form .wpforms-field-layout.wpforms-field input[type=tel],\r\n\tbody #wpforms-2802 .wpforms-form .wpforms-field-layout.wpforms-field input[type=url],\r\n\tbody #wpforms-2802 .wpforms-form .wpforms-field-layout.wpforms-field input[type=password],\r\n\tbody #wpforms-2802 .wpforms-form .wpforms-field-layout.wpforms-field input[type=number]{\r\n\t\twidth: 100%;\r\n\t}\r\n\r\n\tbody #wpforms-2802 .wpforms-form .wpforms-field .wpforms-field-row input[type=text]{\r\n\t\twidth: 100%;\r\n\t}\r\n\r\n\r\n\r\n\r\n\r\n\tbody #wpforms-2802 .wpforms-form .wpforms-field textarea {\r\n\t\tfont-size:14px;\t\t\tborder-width: 1px;\t}\r\n\r\n \r\n\r\n\tbody #wpforms-2802 .wpforms-form .wpforms-field select {\r\n\r\n\t\tfont-size:14px;\r\n\t\tborder-width: 1px;\t}\r\n\r\n\t\/* dropdown styles on modern background *\/\r\n\tbody #wpforms-2802 .wpforms-form .wpforms-field-select-style-modern .choices__inner{\r\n\t\tfont-size:14px;\t\t\r\n\t}\r\n\r\n\t\/* background color on modern dropdown *\/\r\n\t\r\n \r\n\tbody #wpforms-2802 .wpforms-form .wpforms-field .wpforms-field-description {\r\n\r\n\t\tfont-size:14px;\t}\r\n\r\n \r\n\tbody #wpforms-2802 .wpforms-form .wpforms-field label.wpforms-field-label,\r\n\tbody #wpforms-2802 .wpforms-form .wpforms-field .wpforms-field-label {\r\n\t\tcolor:#adadad ;font-size:14px;\t}\r\n\r\n\r\n \r\n\tbody #wpforms-confirmation-2802  {\r\n\r\n\tfont-size:14px;\t\t\tborder-width: 1px;\t}\r\n\r\n\tbody #wpforms-confirmation-2802 p{\r\n\t\ttext-transform: uppercase;\r\n\t\ttext-decoration: underline;\r\n\t\tcolor: inherit;\r\n\t}\r\n\r\n\/* Styling for Tablets *\/\r\n@media only screen and (max-width: 800px) and (min-width:481px) {\r\n\t\r\n\r\n\r\n\r\n}\r\n\r\n@media only screen and (max-width: 480px){\r\n\t\r\n\r\n\r\n\r\n}\r\n\/*Option to add custom CSS *\/\r\n\r\n\r\n\r\n\t\t<\/style>\r\n\t\t<div class=\"wpforms-container wpforms-container-full wpforms-render-modern\" id=\"wpforms-2802\"><form id=\"wpforms-form-2802\" class=\"wpforms-validate wpforms-form wpforms-ajax-form\" data-formid=\"2802\" method=\"post\" enctype=\"multipart\/form-data\" action=\"\/en\/wp-json\/wp\/v2\/pages\/2649\" data-token=\"45a2766cc1299485042703e42bfb083c\" data-token-time=\"1776681942\"><noscript class=\"wpforms-error-noscript\">Please enable JavaScript in your browser to complete this form.<\/noscript><div id=\"wpforms-error-noscript\" style=\"display: none;\">Please enable JavaScript in your browser to complete this form.<\/div><div class=\"wpforms-field-container\"><div id=\"wpforms-2802-field_0-container\" class=\"wpforms-field wpforms-field-name\" data-field-id=\"0\"><label class=\"wpforms-field-label wpforms-label-hide\" for=\"wpforms-2802-field_0\" aria-hidden=\"false\">Name <span class=\"wpforms-required-label\" aria-hidden=\"true\">*<\/span><\/label><input type=\"text\" id=\"wpforms-2802-field_0\" class=\"wpforms-field-large wpforms-field-required\" name=\"wpforms[fields][0]\" placeholder=\"Your Name *\" aria-errormessage=\"wpforms-2802-field_0-error\" required><\/div><div id=\"wpforms-2802-field_4-container\" class=\"wpforms-field wpforms-field-layout\" data-field-id=\"4\"><div class=\"wpforms-field-layout-rows wpforms-field-large\"><div class=\"wpforms-layout-row\"><div class=\"wpforms-layout-column wpforms-layout-column-50\"><div id=\"wpforms-2802-field_1-container\" class=\"wpforms-field wpforms-field-email\" data-field-id=\"1\"><label class=\"wpforms-field-label wpforms-label-hide\" for=\"wpforms-2802-field_1\" aria-hidden=\"false\">E-mail <span class=\"wpforms-required-label\" aria-hidden=\"true\">*<\/span><\/label><input type=\"email\" id=\"wpforms-2802-field_1\" class=\"wpforms-field-large wpforms-field-required\" name=\"wpforms[fields][1]\" placeholder=\"Your E-mail *\" spellcheck=\"false\" aria-errormessage=\"wpforms-2802-field_1-error\" required><\/div><\/div><div class=\"wpforms-layout-column wpforms-layout-column-50\"><div id=\"wpforms-2802-field_3-container\" class=\"wpforms-field wpforms-field-phone\" data-field-id=\"3\"><label class=\"wpforms-field-label wpforms-label-hide\" for=\"wpforms-2802-field_3\" aria-hidden=\"false\">Phone <span class=\"wpforms-required-label\" aria-hidden=\"true\">*<\/span><\/label><input type=\"tel\" id=\"wpforms-2802-field_3\" class=\"wpforms-field-medium wpforms-field-required\" data-rule-int-phone-field=\"true\" name=\"wpforms[fields][3]\" placeholder=\"Your Phone *\" aria-label=\"Phone\" aria-errormessage=\"wpforms-2802-field_3-error\" required><\/div><\/div><\/div><\/div><\/div><div id=\"wpforms-2802-field_2-container\" class=\"wpforms-field wpforms-field-textarea\" data-field-id=\"2\"><label class=\"wpforms-field-label wpforms-label-hide\" for=\"wpforms-2802-field_2\" aria-hidden=\"false\">Your Message <span class=\"wpforms-required-label\" aria-hidden=\"true\">*<\/span><\/label><textarea id=\"wpforms-2802-field_2\" class=\"wpforms-field-large wpforms-field-required\" name=\"wpforms[fields][2]\" placeholder=\"Your Feedback \/ Suggestions *\" aria-errormessage=\"wpforms-2802-field_2-error\" required><\/textarea><\/div><\/div><!-- .wpforms-field-container --><div class=\"wpforms-submit-container\" ><input type=\"hidden\" name=\"wpforms[id]\" value=\"2802\"><input type=\"hidden\" name=\"page_title\" value=\"\"><input type=\"hidden\" name=\"page_url\" value=\"https:\/\/onkim.com.tr\/en\/wp-json\/wp\/v2\/pages\/2649\"><input type=\"hidden\" name=\"url_referer\" value=\"\"><button type=\"submit\" name=\"wpforms[submit]\" id=\"wpforms-submit-2802\" class=\"wpforms-submit\" data-alt-text=\"Sending...\" data-submit-text=\"Send\" aria-live=\"assertive\" value=\"wpforms-submit\">Send<\/button><img decoding=\"async\" src=\"https:\/\/onkim.com.tr\/wp-content\/plugins\/wpforms\/assets\/images\/submit-spin.svg\" class=\"wpforms-submit-spinner\" style=\"display: none;\" width=\"26\" height=\"26\" alt=\"Loading\"><\/div><\/form><\/div>  <!-- .wpforms-container -->\t\t\t\t<\/div>\n\t\t\t\t<\/div>\n\t\t\t\t<div class=\"elementor-element elementor-element-c5320a8 elementor-widget elementor-widget-text-editor\" data-id=\"c5320a8\" data-element_type=\"widget\" data-e-type=\"widget\" data-widget_type=\"text-editor.default\">\n\t\t\t\t<div class=\"elementor-widget-container\">\n\t\t\t\t\t\t\t\t\t<p>ONKIM undertakes not to share your personal information with any person, institution or organisation for your privacy and security.<\/p>\t\t\t\t\t\t\t\t<\/div>\n\t\t\t\t<\/div>\n\t\t\t\t\t<\/div>\n\t\t<\/div>\n\t\t\t\t\t<\/div>\n\t\t<\/section>\n\t\t\t\t<\/div>\n\t\t","protected":false},"excerpt":{"rendered":"<p>Your thoughts are important. Thank you for your interest in ONKIM. The feedback we receive from you is important to provide a better service. We kindly ask you to share your experiences and suggestions with us by filling out the form. Feedback Form Bu formu bitirebilmek i\u00e7in taray\u0131c\u0131n\u0131zda JavaScript&#039;i etkinle\u015ftirin.Bu formu bitirebilmek i\u00e7in taray\u0131c\u0131n\u0131zda JavaScript&#8217;i &hellip; <a href=\"https:\/\/onkim.com.tr\/en\/feedback-form\/\" class=\"more-link\" title=\"Continue reading <span class=\"screen-reader-text\">FEEDBACK FORM<\/span>&#8220;>Continue reading <span class=\"screen-reader-text\">FEEDBACK FORM<\/span><\/a><\/p>\n","protected":false},"author":1,"featured_media":0,"parent":0,"menu_order":28,"comment_status":"closed","ping_status":"closed","template":"","meta":{"footnotes":""},"class_list":["post-2649","page","type-page","status-publish","hentry"],"yoast_head":"<!-- This site is optimized with the Yoast SEO plugin v27.4 - https:\/\/yoast.com\/product\/yoast-seo-wordpress\/ -->\n<title>FEEDBACK FORM - Onkim<\/title>\n<meta name=\"description\" content=\"Give feedback to ONKIM, your thoughts are important to us.\" \/>\n<meta name=\"robots\" content=\"index, follow, max-snippet:-1, max-image-preview:large, max-video-preview:-1\" \/>\n<link rel=\"canonical\" href=\"https:\/\/onkim.com.tr\/en\/feedback-form\/\" \/>\n<meta property=\"og:locale\" content=\"en_US\" \/>\n<meta property=\"og:type\" content=\"article\" \/>\n<meta property=\"og:title\" content=\"FEEDBACK FORM - Onkim\" \/>\n<meta property=\"og:description\" content=\"Give feedback to ONKIM, your thoughts are important to us.\" \/>\n<meta property=\"og:url\" content=\"https:\/\/onkim.com.tr\/en\/feedback-form\/\" \/>\n<meta property=\"og:site_name\" content=\"Onkim\" \/>\n<meta property=\"article:publisher\" content=\"https:\/\/www.facebook.com\/onkimkht\" \/>\n<meta property=\"article:modified_time\" content=\"2024-10-13T21:20:08+00:00\" \/>\n<meta property=\"og:image\" content=\"https:\/\/onkim.com.tr\/wp-content\/plugins\/wpforms\/assets\/images\/submit-spin.svg\" \/>\n<meta name=\"twitter:card\" content=\"summary_large_image\" \/>\n<meta name=\"twitter:site\" content=\"@onkimkht\" \/>\n<meta name=\"twitter:label1\" content=\"Est. reading time\" \/>\n\t<meta name=\"twitter:data1\" content=\"1 minute\" \/>\n<script type=\"application\/ld+json\" class=\"yoast-schema-graph\">{\"@context\":\"https:\\\/\\\/schema.org\",\"@graph\":[{\"@type\":\"WebPage\",\"@id\":\"https:\\\/\\\/onkim.com.tr\\\/en\\\/feedback-form\\\/\",\"url\":\"https:\\\/\\\/onkim.com.tr\\\/en\\\/feedback-form\\\/\",\"name\":\"FEEDBACK FORM - Onkim\",\"isPartOf\":{\"@id\":\"https:\\\/\\\/onkim.com.tr\\\/en\\\/#website\"},\"primaryImageOfPage\":{\"@id\":\"https:\\\/\\\/onkim.com.tr\\\/en\\\/feedback-form\\\/#primaryimage\"},\"image\":{\"@id\":\"https:\\\/\\\/onkim.com.tr\\\/en\\\/feedback-form\\\/#primaryimage\"},\"thumbnailUrl\":\"https:\\\/\\\/onkim.com.tr\\\/wp-content\\\/plugins\\\/wpforms\\\/assets\\\/images\\\/submit-spin.svg\",\"datePublished\":\"2024-07-18T11:13:19+00:00\",\"dateModified\":\"2024-10-13T21:20:08+00:00\",\"description\":\"Give feedback to ONKIM, your thoughts are important to us.\",\"breadcrumb\":{\"@id\":\"https:\\\/\\\/onkim.com.tr\\\/en\\\/feedback-form\\\/#breadcrumb\"},\"inLanguage\":\"en-US\",\"potentialAction\":[{\"@type\":\"ReadAction\",\"target\":[\"https:\\\/\\\/onkim.com.tr\\\/en\\\/feedback-form\\\/\"]}]},{\"@type\":\"ImageObject\",\"inLanguage\":\"en-US\",\"@id\":\"https:\\\/\\\/onkim.com.tr\\\/en\\\/feedback-form\\\/#primaryimage\",\"url\":\"https:\\\/\\\/onkim.com.tr\\\/wp-content\\\/plugins\\\/wpforms\\\/assets\\\/images\\\/submit-spin.svg\",\"contentUrl\":\"https:\\\/\\\/onkim.com.tr\\\/wp-content\\\/plugins\\\/wpforms\\\/assets\\\/images\\\/submit-spin.svg\"},{\"@type\":\"BreadcrumbList\",\"@id\":\"https:\\\/\\\/onkim.com.tr\\\/en\\\/feedback-form\\\/#breadcrumb\",\"itemListElement\":[{\"@type\":\"ListItem\",\"position\":1,\"name\":\"Anasayfa\",\"item\":\"https:\\\/\\\/onkim.com.tr\\\/en\\\/\"},{\"@type\":\"ListItem\",\"position\":2,\"name\":\"FEEDBACK FORM\"}]},{\"@type\":\"WebSite\",\"@id\":\"https:\\\/\\\/onkim.com.tr\\\/en\\\/#website\",\"url\":\"https:\\\/\\\/onkim.com.tr\\\/en\\\/\",\"name\":\"Onkim\",\"description\":\"K\u00f6k H\u00fccre Teknolojileri\",\"publisher\":{\"@id\":\"https:\\\/\\\/onkim.com.tr\\\/en\\\/#organization\"},\"potentialAction\":[{\"@type\":\"SearchAction\",\"target\":{\"@type\":\"EntryPoint\",\"urlTemplate\":\"https:\\\/\\\/onkim.com.tr\\\/en\\\/?s={search_term_string}\"},\"query-input\":{\"@type\":\"PropertyValueSpecification\",\"valueRequired\":true,\"valueName\":\"search_term_string\"}}],\"inLanguage\":\"en-US\"},{\"@type\":\"Organization\",\"@id\":\"https:\\\/\\\/onkim.com.tr\\\/en\\\/#organization\",\"name\":\"Onkim\",\"url\":\"https:\\\/\\\/onkim.com.tr\\\/en\\\/\",\"logo\":{\"@type\":\"ImageObject\",\"inLanguage\":\"en-US\",\"@id\":\"https:\\\/\\\/onkim.com.tr\\\/en\\\/#\\\/schema\\\/logo\\\/image\\\/\",\"url\":\"https:\\\/\\\/onkim.com.tr\\\/wp-content\\\/uploads\\\/onkim_logo.jpg\",\"contentUrl\":\"https:\\\/\\\/onkim.com.tr\\\/wp-content\\\/uploads\\\/onkim_logo.jpg\",\"width\":1920,\"height\":1080,\"caption\":\"Onkim\"},\"image\":{\"@id\":\"https:\\\/\\\/onkim.com.tr\\\/en\\\/#\\\/schema\\\/logo\\\/image\\\/\"},\"sameAs\":[\"https:\\\/\\\/www.facebook.com\\\/onkimkht\",\"https:\\\/\\\/x.com\\\/onkimkht\",\"https:\\\/\\\/www.instagram.com\\\/onkimkht\\\/\",\"https:\\\/\\\/www.linkedin.com\\\/company\\\/onkimkht\\\/\",\"https:\\\/\\\/www.youtube.com\\\/@onkimkht\"]}]}<\/script>\n<!-- \/ Yoast SEO plugin. -->","yoast_head_json":{"title":"FEEDBACK FORM - Onkim","description":"Give feedback to ONKIM, your thoughts are important to us.","robots":{"index":"index","follow":"follow","max-snippet":"max-snippet:-1","max-image-preview":"max-image-preview:large","max-video-preview":"max-video-preview:-1"},"canonical":"https:\/\/onkim.com.tr\/en\/feedback-form\/","og_locale":"en_US","og_type":"article","og_title":"FEEDBACK FORM - Onkim","og_description":"Give feedback to ONKIM, your thoughts are important to us.","og_url":"https:\/\/onkim.com.tr\/en\/feedback-form\/","og_site_name":"Onkim","article_publisher":"https:\/\/www.facebook.com\/onkimkht","article_modified_time":"2024-10-13T21:20:08+00:00","og_image":[{"url":"https:\/\/onkim.com.tr\/wp-content\/plugins\/wpforms\/assets\/images\/submit-spin.svg","type":"","width":"","height":""}],"twitter_card":"summary_large_image","twitter_site":"@onkimkht","twitter_misc":{"Est. reading time":"1 minute"},"schema":{"@context":"https:\/\/schema.org","@graph":[{"@type":"WebPage","@id":"https:\/\/onkim.com.tr\/en\/feedback-form\/","url":"https:\/\/onkim.com.tr\/en\/feedback-form\/","name":"FEEDBACK FORM - Onkim","isPartOf":{"@id":"https:\/\/onkim.com.tr\/en\/#website"},"primaryImageOfPage":{"@id":"https:\/\/onkim.com.tr\/en\/feedback-form\/#primaryimage"},"image":{"@id":"https:\/\/onkim.com.tr\/en\/feedback-form\/#primaryimage"},"thumbnailUrl":"https:\/\/onkim.com.tr\/wp-content\/plugins\/wpforms\/assets\/images\/submit-spin.svg","datePublished":"2024-07-18T11:13:19+00:00","dateModified":"2024-10-13T21:20:08+00:00","description":"Give feedback to ONKIM, your thoughts are important to us.","breadcrumb":{"@id":"https:\/\/onkim.com.tr\/en\/feedback-form\/#breadcrumb"},"inLanguage":"en-US","potentialAction":[{"@type":"ReadAction","target":["https:\/\/onkim.com.tr\/en\/feedback-form\/"]}]},{"@type":"ImageObject","inLanguage":"en-US","@id":"https:\/\/onkim.com.tr\/en\/feedback-form\/#primaryimage","url":"https:\/\/onkim.com.tr\/wp-content\/plugins\/wpforms\/assets\/images\/submit-spin.svg","contentUrl":"https:\/\/onkim.com.tr\/wp-content\/plugins\/wpforms\/assets\/images\/submit-spin.svg"},{"@type":"BreadcrumbList","@id":"https:\/\/onkim.com.tr\/en\/feedback-form\/#breadcrumb","itemListElement":[{"@type":"ListItem","position":1,"name":"Anasayfa","item":"https:\/\/onkim.com.tr\/en\/"},{"@type":"ListItem","position":2,"name":"FEEDBACK FORM"}]},{"@type":"WebSite","@id":"https:\/\/onkim.com.tr\/en\/#website","url":"https:\/\/onkim.com.tr\/en\/","name":"Onkim","description":"K\u00f6k H\u00fccre Teknolojileri","publisher":{"@id":"https:\/\/onkim.com.tr\/en\/#organization"},"potentialAction":[{"@type":"SearchAction","target":{"@type":"EntryPoint","urlTemplate":"https:\/\/onkim.com.tr\/en\/?s={search_term_string}"},"query-input":{"@type":"PropertyValueSpecification","valueRequired":true,"valueName":"search_term_string"}}],"inLanguage":"en-US"},{"@type":"Organization","@id":"https:\/\/onkim.com.tr\/en\/#organization","name":"Onkim","url":"https:\/\/onkim.com.tr\/en\/","logo":{"@type":"ImageObject","inLanguage":"en-US","@id":"https:\/\/onkim.com.tr\/en\/#\/schema\/logo\/image\/","url":"https:\/\/onkim.com.tr\/wp-content\/uploads\/onkim_logo.jpg","contentUrl":"https:\/\/onkim.com.tr\/wp-content\/uploads\/onkim_logo.jpg","width":1920,"height":1080,"caption":"Onkim"},"image":{"@id":"https:\/\/onkim.com.tr\/en\/#\/schema\/logo\/image\/"},"sameAs":["https:\/\/www.facebook.com\/onkimkht","https:\/\/x.com\/onkimkht","https:\/\/www.instagram.com\/onkimkht\/","https:\/\/www.linkedin.com\/company\/onkimkht\/","https:\/\/www.youtube.com\/@onkimkht"]}]}},"_links":{"self":[{"href":"https:\/\/onkim.com.tr\/en\/wp-json\/wp\/v2\/pages\/2649","targetHints":{"allow":["GET"]}}],"collection":[{"href":"https:\/\/onkim.com.tr\/en\/wp-json\/wp\/v2\/pages"}],"about":[{"href":"https:\/\/onkim.com.tr\/en\/wp-json\/wp\/v2\/types\/page"}],"author":[{"embeddable":true,"href":"https:\/\/onkim.com.tr\/en\/wp-json\/wp\/v2\/users\/1"}],"replies":[{"embeddable":true,"href":"https:\/\/onkim.com.tr\/en\/wp-json\/wp\/v2\/comments?post=2649"}],"version-history":[{"count":0,"href":"https:\/\/onkim.com.tr\/en\/wp-json\/wp\/v2\/pages\/2649\/revisions"}],"wp:attachment":[{"href":"https:\/\/onkim.com.tr\/en\/wp-json\/wp\/v2\/media?parent=2649"}],"curies":[{"name":"wp","href":"https:\/\/api.w.org\/{rel}","templated":true}]}}