{"id":2648,"date":"2024-07-18T11:12:48","date_gmt":"2024-07-18T11:12:48","guid":{"rendered":"https:\/\/onkim.com.tr\/ik-formu\/"},"modified":"2024-10-13T21:19:40","modified_gmt":"2024-10-13T21:19:40","slug":"hr-form","status":"publish","type":"page","link":"https:\/\/onkim.com.tr\/en\/hr-form\/","title":{"rendered":"HR FORM"},"content":{"rendered":"\t\t<div data-elementor-type=\"wp-page\" data-elementor-id=\"2648\" class=\"elementor elementor-2648 elementor-294\">\n\t\t\t\t\t\t<section class=\"elementor-section elementor-top-section elementor-element elementor-element-1488785 ts-col-stretched-none ts-bg-color-over-image elementor-section-boxed elementor-section-height-default elementor-section-height-default\" data-id=\"1488785\" data-element_type=\"section\" data-e-type=\"section\">\n\t\t\t\t\t\t<div class=\"elementor-container elementor-column-gap-no\">\n\t\t\t\t\t<div class=\"elementor-column elementor-col-33 elementor-top-column elementor-element elementor-element-44e0cfa ts-bg-color-over-image\" data-id=\"44e0cfa\" data-element_type=\"column\" data-e-type=\"column\">\n\t\t\t<div class=\"elementor-widget-wrap elementor-element-populated\">\n\t\t\t\t\t\t<div class=\"elementor-element elementor-element-f53a094 elementor-widget elementor-widget-heading\" data-id=\"f53a094\" data-element_type=\"widget\" data-e-type=\"widget\" data-widget_type=\"heading.default\">\n\t\t\t\t<div class=\"elementor-widget-container\">\n\t\t\t\t\t<p class=\"elementor-heading-title elementor-size-default\">Start a new career path.<\/p>\t\t\t\t<\/div>\n\t\t\t\t<\/div>\n\t\t\t\t<div class=\"elementor-element elementor-element-180c955 elementor-widget__width-initial elementor-widget elementor-widget-text-editor\" data-id=\"180c955\" data-element_type=\"widget\" data-e-type=\"widget\" data-widget_type=\"text-editor.default\">\n\t\t\t\t<div class=\"elementor-widget-container\">\n\t\t\t\t\t\t\t\t\t<p>Please fill out the form completely and accurately so that we can better understand your skills, experience and career goals as we review your application. Thank you for your interest.<\/p>\t\t\t\t\t\t\t\t<\/div>\n\t\t\t\t<\/div>\n\t\t\t\t\t<\/div>\n\t\t<\/div>\n\t\t\t\t<div class=\"elementor-column elementor-col-66 elementor-top-column elementor-element elementor-element-8ce144c ts-bg-color-over-image\" data-id=\"8ce144c\" data-element_type=\"column\" data-e-type=\"column\">\n\t\t\t<div class=\"elementor-widget-wrap elementor-element-populated\">\n\t\t\t\t\t\t<div class=\"elementor-element elementor-element-12cde70 elementor-widget elementor-widget-heading\" data-id=\"12cde70\" data-element_type=\"widget\" data-e-type=\"widget\" data-widget_type=\"heading.default\">\n\t\t\t\t<div class=\"elementor-widget-container\">\n\t\t\t\t\t<p class=\"elementor-heading-title elementor-size-default\">Human Resources Form<\/p>\t\t\t\t<\/div>\n\t\t\t\t<\/div>\n\t\t\t\t<div class=\"elementor-element elementor-element-54fd67b elementor-widget elementor-widget-wpforms\" data-id=\"54fd67b\" data-element_type=\"widget\" data-e-type=\"widget\" data-widget_type=\"wpforms.default\">\n\t\t\t\t<div class=\"elementor-widget-container\">\n\t\t\t\t\t\r\n<style type=\"text\/css\">\r\n\r\n\r\n\r\n\r\n\tbody #wpforms-2804 .wpforms-head-container .wpforms-title {\r\n\tfont-size:14px;\t}\r\n\r\n\r\n\r\n\tbody #wpforms-2804 .wpforms-submit-container .wpforms-submit, body #wpforms-2804 .wpforms-field-pagebreak button.wpforms-page-button {\r\n\t\tfont-size:14px;\t\tborder-width: 0px;\t}\r\n\r\n\tbody #wpforms-2804 .wpforms-submit-container .wpforms-submit:hover, body #wpforms-2804 .wpforms-field-pagebreak button.wpforms-page-button:hover {\r\n\t\t\t}\r\n\r\n\tbody #wpforms-2804 .wpforms-submit-container,\r\n\tbody #wpforms-2804 .wpforms-field-pagebreak .wpforms-pagebreak-left{\r\n\t\t}\r\n\r\n\r\n\tbody #wpforms-2804 .wpforms-form .wpforms-field input[type=text],\r\n\tbody #wpforms-2804 .wpforms-form .wpforms-field input[type=email],\r\n\tbody #wpforms-2804 .wpforms-form .wpforms-field input[type=tel],\r\n\tbody #wpforms-2804 .wpforms-form .wpforms-field input[type=url],\r\n\tbody #wpforms-2804 .wpforms-form .wpforms-field input[type=password],\r\n\tbody #wpforms-2804 .wpforms-form .wpforms-field input[type=number]\r\n\t{\r\n\t\tfont-size:14px;\t\tborder-width: 1px;\t}\r\n\r\n\tbody #wpforms-2804 .wpforms-form .wpforms-field .wpforms-field-row\r\n\t{\r\n\t\t\t}\r\n\r\n\tbody #wpforms-2804 .wpforms-form .wpforms-field-layout.wpforms-field input[type=text],\r\n\tbody #wpforms-2804 .wpforms-form .wpforms-field-layout.wpforms-field input[type=email],\r\n\tbody #wpforms-2804 .wpforms-form .wpforms-field-layout.wpforms-field input[type=tel],\r\n\tbody #wpforms-2804 .wpforms-form .wpforms-field-layout.wpforms-field input[type=url],\r\n\tbody #wpforms-2804 .wpforms-form .wpforms-field-layout.wpforms-field input[type=password],\r\n\tbody #wpforms-2804 .wpforms-form .wpforms-field-layout.wpforms-field input[type=number]{\r\n\t\twidth: 100%;\r\n\t}\r\n\r\n\tbody #wpforms-2804 .wpforms-form .wpforms-field .wpforms-field-row input[type=text]{\r\n\t\twidth: 100%;\r\n\t}\r\n\r\n\r\n\r\n\r\n\r\n\tbody #wpforms-2804 .wpforms-form .wpforms-field textarea {\r\n\t\tfont-size:14px;\t\t\tborder-width: 1px;\t}\r\n\r\n \r\n\r\n\tbody #wpforms-2804 .wpforms-form .wpforms-field select {\r\n\r\n\t\tfont-size:14px;\r\n\t\tborder-width: 1px;\t}\r\n\r\n\t\/* dropdown styles on modern background *\/\r\n\tbody #wpforms-2804 .wpforms-form .wpforms-field-select-style-modern .choices__inner{\r\n\t\tfont-size:14px;\t\t\r\n\t}\r\n\r\n\t\/* background color on modern dropdown *\/\r\n\t\r\n \r\n\tbody #wpforms-2804 .wpforms-form .wpforms-field-radio li label,\r\n\tbody #wpforms-2804 .wpforms-form .wpforms-field-payment-multiple li label {\r\n\t\tfont-size:14px;\t}\r\n \r\n\tbody #wpforms-2804 .wpforms-form .wpforms-field .wpforms-field-description {\r\n\r\n\t\tfont-size:14px;\t}\r\n\r\n \r\n\tbody #wpforms-2804 .wpforms-form .wpforms-field label.wpforms-field-label,\r\n\tbody #wpforms-2804 .wpforms-form .wpforms-field .wpforms-field-label {\r\n\t\tcolor:#adadad ;font-size:14px;\t}\r\n\r\n\r\n \r\n\tbody #wpforms-confirmation-2804  {\r\n\r\n\tfont-size:14px;\t\t\tborder-width: 1px;\t}\r\n\r\n\tbody #wpforms-confirmation-2804 p{\r\n\t\ttext-transform: uppercase;\r\n\t\ttext-decoration: underline;\r\n\t\tcolor: inherit;\r\n\t}\r\n\r\n\/* Styling for Tablets *\/\r\n@media only screen and (max-width: 800px) and (min-width:481px) {\r\n\t\r\n\r\n\r\n\r\n}\r\n\r\n@media only screen and (max-width: 480px){\r\n\t\r\n\r\n\r\n\r\n}\r\n\/*Option to add custom CSS *\/\r\n\r\n\r\n\r\n\t\t<\/style>\r\n\t\t<div class=\"wpforms-container wpforms-container-full wpforms-render-modern\" id=\"wpforms-2804\"><form id=\"wpforms-form-2804\" class=\"wpforms-validate wpforms-form wpforms-ajax-form\" data-formid=\"2804\" method=\"post\" enctype=\"multipart\/form-data\" action=\"\/en\/wp-json\/wp\/v2\/pages\/2648?wpforms_form_id=2804\" data-token=\"5b34f3d40e3583e75f9b64df8f07a6dd\" data-token-time=\"1776340463\"><noscript class=\"wpforms-error-noscript\">Please enable JavaScript in your browser to complete this form.<\/noscript><div id=\"wpforms-error-noscript\" style=\"display: none;\">Please enable JavaScript in your browser to complete this form.<\/div><div class=\"wpforms-field-container\"><div id=\"wpforms-2804-field_0-container\" class=\"wpforms-field wpforms-field-name\" data-field-id=\"0\"><label class=\"wpforms-field-label wpforms-label-hide\" for=\"wpforms-2804-field_0\" aria-hidden=\"false\">Name <span class=\"wpforms-required-label\" aria-hidden=\"true\">*<\/span><\/label><input type=\"text\" id=\"wpforms-2804-field_0\" class=\"wpforms-field-large wpforms-field-required\" name=\"wpforms[fields][0]\" placeholder=\"Your Name *\" aria-errormessage=\"wpforms-2804-field_0-error\" required><\/div><div id=\"wpforms-2804-field_6-container\" class=\"wpforms-field wpforms-field-layout\" data-field-id=\"6\"><div class=\"wpforms-field-layout-rows wpforms-field-large\"><div class=\"wpforms-layout-row\"><div class=\"wpforms-layout-column wpforms-layout-column-50\"><div id=\"wpforms-2804-field_1-container\" class=\"wpforms-field wpforms-field-email\" data-field-id=\"1\"><label class=\"wpforms-field-label wpforms-label-hide\" for=\"wpforms-2804-field_1\" aria-hidden=\"false\">E-mail <span class=\"wpforms-required-label\" aria-hidden=\"true\">*<\/span><\/label><input type=\"email\" id=\"wpforms-2804-field_1\" class=\"wpforms-field-large wpforms-field-required\" name=\"wpforms[fields][1]\" placeholder=\"Your E-mail *\" spellcheck=\"false\" aria-errormessage=\"wpforms-2804-field_1-error\" required><\/div><\/div><div class=\"wpforms-layout-column wpforms-layout-column-50\"><div id=\"wpforms-2804-field_3-container\" class=\"wpforms-field wpforms-field-number\" data-field-id=\"3\"><label class=\"wpforms-field-label wpforms-label-hide\" for=\"wpforms-2804-field_3\" aria-hidden=\"false\">Phone <span class=\"wpforms-required-label\" aria-hidden=\"true\">*<\/span><\/label><input type=\"number\" id=\"wpforms-2804-field_3\" class=\"wpforms-field-large wpforms-field-required\" name=\"wpforms[fields][3]\" placeholder=\"Your Phone *\" step=\"any\" aria-errormessage=\"wpforms-2804-field_3-error\" required><\/div><\/div><\/div><div class=\"wpforms-layout-row\"><div class=\"wpforms-layout-column wpforms-layout-column-50\"><div id=\"wpforms-2804-field_8-container\" class=\"wpforms-field wpforms-field-text\" data-field-id=\"8\"><label class=\"wpforms-field-label wpforms-label-hide\" for=\"wpforms-2804-field_8\" aria-hidden=\"false\">City <span class=\"wpforms-required-label\" aria-hidden=\"true\">*<\/span><\/label><input type=\"text\" id=\"wpforms-2804-field_8\" class=\"wpforms-field-large wpforms-field-required\" name=\"wpforms[fields][8]\" placeholder=\"City you live in *\" aria-errormessage=\"wpforms-2804-field_8-error\" required><\/div><\/div><div class=\"wpforms-layout-column wpforms-layout-column-50\"><div id=\"wpforms-2804-field_5-container\" class=\"wpforms-field wpforms-field-text\" data-field-id=\"5\"><label class=\"wpforms-field-label wpforms-label-hide\" for=\"wpforms-2804-field_5\" aria-hidden=\"false\">Field<\/label><input type=\"text\" id=\"wpforms-2804-field_5\" class=\"wpforms-field-large\" name=\"wpforms[fields][5]\" placeholder=\"Your Field of Job\" aria-errormessage=\"wpforms-2804-field_5-error\" ><\/div><\/div><\/div><\/div><\/div><div id=\"wpforms-2804-field_7-container\" class=\"wpforms-field wpforms-field-file-upload\" data-field-id=\"7\"><label class=\"wpforms-field-label wpforms-label-hide\" for=\"wpforms-2804-field_7\" aria-hidden=\"false\">File Upload <span class=\"wpforms-required-label\" aria-hidden=\"true\">*<\/span><\/label><div\n\t\tclass=\"wpforms-uploader wpforms-field-required\"\n\t\tdata-field-id=\"7\"\n\t\tdata-form-id=\"2804\"\n\t\tdata-input-name=\"wpforms_2804_7\"\n\t\tdata-extensions=\"doc,docx,xls,xlsx,pdf,jpeg,jpg,png\"\n\t\tdata-max-size=\"10485760\"\n\t\tdata-max-file-number=\"1\"\n\t\tdata-post-max-size=\"536870912\"\n\t\tdata-max-parallel-uploads=\"4\"\n\t\tdata-parallel-uploads=\"true\"\n\t\tdata-file-chunk-size=\"2097152\">\n\t<div class=\"dz-message\">\n\t\t<svg  viewBox=\"0 0 640 640\" focusable=\"false\" data-icon=\"inbox\" width=\"50px\" height=\"50px\" fill=\"currentColor\" aria-hidden=\"true\">\n\t\t\t<path d=\"M352 173.3L352 384C352 401.7 337.7 416 320 416C302.3 416 288 401.7 288 384L288 173.3L246.6 214.7C234.1 227.2 213.8 227.2 201.3 214.7C188.8 202.2 188.8 181.9 201.3 169.4L297.3 73.4C309.8 60.9 330.1 60.9 342.6 73.4L438.6 169.4C451.1 181.9 451.1 202.2 438.6 214.7C426.1 227.2 405.8 227.2 393.3 214.7L352 173.3zM320 464C364.2 464 400 428.2 400 384L480 384C515.3 384 544 412.7 544 448L544 480C544 515.3 515.3 544 480 544L160 544C124.7 544 96 515.3 96 480L96 448C96 412.7 124.7 384 160 384L240 384C240 428.2 275.8 464 320 464zM464 488C477.3 488 488 477.3 488 464C488 450.7 477.3 440 464 440C450.7 440 440 450.7 440 464C440 477.3 450.7 488 464 488z\"\/>\n\t\t<\/svg>\n\n\t\t<span class=\"modern-title\">\n\t\t\t\t\t\t\tDrag &amp; Drop Files, \t\t\t\t<span>Choose Files to Upload<\/span>\n\t\t\t\t\t<\/span>\n\n\t\t\t<\/div>\n<\/div>\n\n<input\n\t\ttype=\"text\"\n\t\tautocomplete=\"off\"\n\t\treadonly\n\t\tclass=\"dropzone-input\"\n\t\tstyle=\"position:absolute!important;clip:rect(0,0,0,0)!important;height:1px!important;width:1px!important;border:0!important;overflow:hidden!important;padding:0!important;margin:0!important;\"\n\t\tid=\"wpforms-2804-field_7\"\n\t\tname=\"wpforms_2804_7\" required\t\tvalue=\"\">\n<div id=\"wpforms-2804-field_7-description\" class=\"wpforms-field-description\">Upload your CV. * (Max. 10 mb. \/ Type: doc, docx, xls, xlsx, pdf, jpeg, jpg, png)<\/div><\/div><div id=\"wpforms-2804-field_2-container\" class=\"wpforms-field wpforms-field-textarea\" data-field-id=\"2\"><label class=\"wpforms-field-label wpforms-label-hide\" for=\"wpforms-2804-field_2\" aria-hidden=\"false\">Your Notes (you can share the URL of your CV)<\/label><textarea id=\"wpforms-2804-field_2\" class=\"wpforms-field-large\" name=\"wpforms[fields][2]\" placeholder=\"Your Notes (you can share the URL of your CV)\" aria-errormessage=\"wpforms-2804-field_2-error\" ><\/textarea><\/div><\/div><!-- .wpforms-field-container --><div class=\"wpforms-submit-container\" ><input type=\"hidden\" name=\"wpforms[id]\" value=\"2804\"><input type=\"hidden\" name=\"page_title\" value=\"\"><input type=\"hidden\" name=\"page_url\" value=\"https:\/\/onkim.com.tr\/en\/wp-json\/wp\/v2\/pages\/2648\"><input type=\"hidden\" name=\"url_referer\" value=\"\"><button type=\"submit\" name=\"wpforms[submit]\" id=\"wpforms-submit-2804\" class=\"wpforms-submit\" data-alt-text=\"Sending...\" data-submit-text=\"Send\" aria-live=\"assertive\" value=\"wpforms-submit\">Send<\/button><img decoding=\"async\" src=\"https:\/\/onkim.com.tr\/wp-content\/plugins\/wpforms\/assets\/images\/submit-spin.svg\" class=\"wpforms-submit-spinner\" style=\"display: none;\" width=\"26\" height=\"26\" alt=\"Loading\"><\/div><\/form><\/div>  <!-- .wpforms-container -->\t\t\t\t<\/div>\n\t\t\t\t<\/div>\n\t\t\t\t<div class=\"elementor-element elementor-element-3782f5e elementor-widget elementor-widget-text-editor\" data-id=\"3782f5e\" data-element_type=\"widget\" data-e-type=\"widget\" data-widget_type=\"text-editor.default\">\n\t\t\t\t<div class=\"elementor-widget-container\">\n\t\t\t\t\t\t\t\t\t<p>ONKIM undertakes not to share your personal information with any person, institution or organisation for your privacy and security.<\/p>\t\t\t\t\t\t\t\t<\/div>\n\t\t\t\t<\/div>\n\t\t\t\t\t<\/div>\n\t\t<\/div>\n\t\t\t\t\t<\/div>\n\t\t<\/section>\n\t\t\t\t<\/div>\n\t\t","protected":false},"excerpt":{"rendered":"<p>Start a new career path. Please fill out the form completely and accurately so that we can better understand your skills, experience and career goals as we review your application. Thank you for your interest. Human Resources Form Bu formu bitirebilmek i\u00e7in taray\u0131c\u0131n\u0131zda JavaScript&#039;i etkinle\u015ftirin.Bu formu bitirebilmek i\u00e7in taray\u0131c\u0131n\u0131zda JavaScript&#8217;i etkinle\u015ftirin.Ad\u0131 Soyad\u0131 *E-posta *Telefon *\u015eehir &hellip; <a href=\"https:\/\/onkim.com.tr\/en\/hr-form\/\" class=\"more-link\" title=\"Continue reading <span class=\"screen-reader-text\">HR FORM<\/span>&#8220;>Continue reading <span class=\"screen-reader-text\">HR FORM<\/span><\/a><\/p>\n","protected":false},"author":1,"featured_media":0,"parent":0,"menu_order":28,"comment_status":"closed","ping_status":"closed","template":"","meta":{"footnotes":""},"class_list":["post-2648","page","type-page","status-publish","hentry"],"yoast_head":"<!-- This site is optimized with the Yoast SEO plugin v27.4 - https:\/\/yoast.com\/product\/yoast-seo-wordpress\/ -->\n<title>HR FORM - Onkim<\/title>\n<meta name=\"description\" content=\"Start a new career at ONKIM, view the application form.\" \/>\n<meta name=\"robots\" content=\"index, follow, max-snippet:-1, max-image-preview:large, max-video-preview:-1\" \/>\n<link rel=\"canonical\" href=\"https:\/\/onkim.com.tr\/en\/hr-form\/\" \/>\n<meta property=\"og:locale\" content=\"en_US\" \/>\n<meta property=\"og:type\" content=\"article\" \/>\n<meta property=\"og:title\" content=\"HR FORM - Onkim\" \/>\n<meta property=\"og:description\" content=\"Start a new career at ONKIM, view the application form.\" \/>\n<meta property=\"og:url\" content=\"https:\/\/onkim.com.tr\/en\/hr-form\/\" \/>\n<meta property=\"og:site_name\" content=\"Onkim\" \/>\n<meta property=\"article:publisher\" content=\"https:\/\/www.facebook.com\/onkimkht\" \/>\n<meta property=\"article:modified_time\" content=\"2024-10-13T21:19:40+00:00\" \/>\n<meta property=\"og:image\" content=\"https:\/\/onkim.com.tr\/wp-content\/plugins\/wpforms\/assets\/images\/submit-spin.svg\" \/>\n<meta name=\"twitter:card\" content=\"summary_large_image\" \/>\n<meta name=\"twitter:site\" content=\"@onkimkht\" \/>\n<meta name=\"twitter:label1\" content=\"Est. reading time\" \/>\n\t<meta name=\"twitter:data1\" content=\"1 minute\" \/>\n<script type=\"application\/ld+json\" class=\"yoast-schema-graph\">{\"@context\":\"https:\\\/\\\/schema.org\",\"@graph\":[{\"@type\":\"WebPage\",\"@id\":\"https:\\\/\\\/onkim.com.tr\\\/en\\\/hr-form\\\/\",\"url\":\"https:\\\/\\\/onkim.com.tr\\\/en\\\/hr-form\\\/\",\"name\":\"HR FORM - Onkim\",\"isPartOf\":{\"@id\":\"https:\\\/\\\/onkim.com.tr\\\/en\\\/#website\"},\"primaryImageOfPage\":{\"@id\":\"https:\\\/\\\/onkim.com.tr\\\/en\\\/hr-form\\\/#primaryimage\"},\"image\":{\"@id\":\"https:\\\/\\\/onkim.com.tr\\\/en\\\/hr-form\\\/#primaryimage\"},\"thumbnailUrl\":\"https:\\\/\\\/onkim.com.tr\\\/wp-content\\\/plugins\\\/wpforms\\\/assets\\\/images\\\/submit-spin.svg\",\"datePublished\":\"2024-07-18T11:12:48+00:00\",\"dateModified\":\"2024-10-13T21:19:40+00:00\",\"description\":\"Start a new career at ONKIM, view the application form.\",\"breadcrumb\":{\"@id\":\"https:\\\/\\\/onkim.com.tr\\\/en\\\/hr-form\\\/#breadcrumb\"},\"inLanguage\":\"en-US\",\"potentialAction\":[{\"@type\":\"ReadAction\",\"target\":[\"https:\\\/\\\/onkim.com.tr\\\/en\\\/hr-form\\\/\"]}]},{\"@type\":\"ImageObject\",\"inLanguage\":\"en-US\",\"@id\":\"https:\\\/\\\/onkim.com.tr\\\/en\\\/hr-form\\\/#primaryimage\",\"url\":\"https:\\\/\\\/onkim.com.tr\\\/wp-content\\\/plugins\\\/wpforms\\\/assets\\\/images\\\/submit-spin.svg\",\"contentUrl\":\"https:\\\/\\\/onkim.com.tr\\\/wp-content\\\/plugins\\\/wpforms\\\/assets\\\/images\\\/submit-spin.svg\"},{\"@type\":\"BreadcrumbList\",\"@id\":\"https:\\\/\\\/onkim.com.tr\\\/en\\\/hr-form\\\/#breadcrumb\",\"itemListElement\":[{\"@type\":\"ListItem\",\"position\":1,\"name\":\"Anasayfa\",\"item\":\"https:\\\/\\\/onkim.com.tr\\\/en\\\/\"},{\"@type\":\"ListItem\",\"position\":2,\"name\":\"HR FORM\"}]},{\"@type\":\"WebSite\",\"@id\":\"https:\\\/\\\/onkim.com.tr\\\/en\\\/#website\",\"url\":\"https:\\\/\\\/onkim.com.tr\\\/en\\\/\",\"name\":\"Onkim\",\"description\":\"K\u00f6k H\u00fccre Teknolojileri\",\"publisher\":{\"@id\":\"https:\\\/\\\/onkim.com.tr\\\/en\\\/#organization\"},\"potentialAction\":[{\"@type\":\"SearchAction\",\"target\":{\"@type\":\"EntryPoint\",\"urlTemplate\":\"https:\\\/\\\/onkim.com.tr\\\/en\\\/?s={search_term_string}\"},\"query-input\":{\"@type\":\"PropertyValueSpecification\",\"valueRequired\":true,\"valueName\":\"search_term_string\"}}],\"inLanguage\":\"en-US\"},{\"@type\":\"Organization\",\"@id\":\"https:\\\/\\\/onkim.com.tr\\\/en\\\/#organization\",\"name\":\"Onkim\",\"url\":\"https:\\\/\\\/onkim.com.tr\\\/en\\\/\",\"logo\":{\"@type\":\"ImageObject\",\"inLanguage\":\"en-US\",\"@id\":\"https:\\\/\\\/onkim.com.tr\\\/en\\\/#\\\/schema\\\/logo\\\/image\\\/\",\"url\":\"https:\\\/\\\/onkim.com.tr\\\/wp-content\\\/uploads\\\/onkim_logo.jpg\",\"contentUrl\":\"https:\\\/\\\/onkim.com.tr\\\/wp-content\\\/uploads\\\/onkim_logo.jpg\",\"width\":1920,\"height\":1080,\"caption\":\"Onkim\"},\"image\":{\"@id\":\"https:\\\/\\\/onkim.com.tr\\\/en\\\/#\\\/schema\\\/logo\\\/image\\\/\"},\"sameAs\":[\"https:\\\/\\\/www.facebook.com\\\/onkimkht\",\"https:\\\/\\\/x.com\\\/onkimkht\",\"https:\\\/\\\/www.instagram.com\\\/onkimkht\\\/\",\"https:\\\/\\\/www.linkedin.com\\\/company\\\/onkimkht\\\/\",\"https:\\\/\\\/www.youtube.com\\\/@onkimkht\"]}]}<\/script>\n<!-- \/ Yoast SEO plugin. -->","yoast_head_json":{"title":"HR FORM - Onkim","description":"Start a new career at ONKIM, view the application form.","robots":{"index":"index","follow":"follow","max-snippet":"max-snippet:-1","max-image-preview":"max-image-preview:large","max-video-preview":"max-video-preview:-1"},"canonical":"https:\/\/onkim.com.tr\/en\/hr-form\/","og_locale":"en_US","og_type":"article","og_title":"HR FORM - Onkim","og_description":"Start a new career at ONKIM, view the application form.","og_url":"https:\/\/onkim.com.tr\/en\/hr-form\/","og_site_name":"Onkim","article_publisher":"https:\/\/www.facebook.com\/onkimkht","article_modified_time":"2024-10-13T21:19:40+00:00","og_image":[{"url":"https:\/\/onkim.com.tr\/wp-content\/plugins\/wpforms\/assets\/images\/submit-spin.svg","type":"","width":"","height":""}],"twitter_card":"summary_large_image","twitter_site":"@onkimkht","twitter_misc":{"Est. reading time":"1 minute"},"schema":{"@context":"https:\/\/schema.org","@graph":[{"@type":"WebPage","@id":"https:\/\/onkim.com.tr\/en\/hr-form\/","url":"https:\/\/onkim.com.tr\/en\/hr-form\/","name":"HR FORM - Onkim","isPartOf":{"@id":"https:\/\/onkim.com.tr\/en\/#website"},"primaryImageOfPage":{"@id":"https:\/\/onkim.com.tr\/en\/hr-form\/#primaryimage"},"image":{"@id":"https:\/\/onkim.com.tr\/en\/hr-form\/#primaryimage"},"thumbnailUrl":"https:\/\/onkim.com.tr\/wp-content\/plugins\/wpforms\/assets\/images\/submit-spin.svg","datePublished":"2024-07-18T11:12:48+00:00","dateModified":"2024-10-13T21:19:40+00:00","description":"Start a new career at ONKIM, view the application form.","breadcrumb":{"@id":"https:\/\/onkim.com.tr\/en\/hr-form\/#breadcrumb"},"inLanguage":"en-US","potentialAction":[{"@type":"ReadAction","target":["https:\/\/onkim.com.tr\/en\/hr-form\/"]}]},{"@type":"ImageObject","inLanguage":"en-US","@id":"https:\/\/onkim.com.tr\/en\/hr-form\/#primaryimage","url":"https:\/\/onkim.com.tr\/wp-content\/plugins\/wpforms\/assets\/images\/submit-spin.svg","contentUrl":"https:\/\/onkim.com.tr\/wp-content\/plugins\/wpforms\/assets\/images\/submit-spin.svg"},{"@type":"BreadcrumbList","@id":"https:\/\/onkim.com.tr\/en\/hr-form\/#breadcrumb","itemListElement":[{"@type":"ListItem","position":1,"name":"Anasayfa","item":"https:\/\/onkim.com.tr\/en\/"},{"@type":"ListItem","position":2,"name":"HR FORM"}]},{"@type":"WebSite","@id":"https:\/\/onkim.com.tr\/en\/#website","url":"https:\/\/onkim.com.tr\/en\/","name":"Onkim","description":"K\u00f6k H\u00fccre Teknolojileri","publisher":{"@id":"https:\/\/onkim.com.tr\/en\/#organization"},"potentialAction":[{"@type":"SearchAction","target":{"@type":"EntryPoint","urlTemplate":"https:\/\/onkim.com.tr\/en\/?s={search_term_string}"},"query-input":{"@type":"PropertyValueSpecification","valueRequired":true,"valueName":"search_term_string"}}],"inLanguage":"en-US"},{"@type":"Organization","@id":"https:\/\/onkim.com.tr\/en\/#organization","name":"Onkim","url":"https:\/\/onkim.com.tr\/en\/","logo":{"@type":"ImageObject","inLanguage":"en-US","@id":"https:\/\/onkim.com.tr\/en\/#\/schema\/logo\/image\/","url":"https:\/\/onkim.com.tr\/wp-content\/uploads\/onkim_logo.jpg","contentUrl":"https:\/\/onkim.com.tr\/wp-content\/uploads\/onkim_logo.jpg","width":1920,"height":1080,"caption":"Onkim"},"image":{"@id":"https:\/\/onkim.com.tr\/en\/#\/schema\/logo\/image\/"},"sameAs":["https:\/\/www.facebook.com\/onkimkht","https:\/\/x.com\/onkimkht","https:\/\/www.instagram.com\/onkimkht\/","https:\/\/www.linkedin.com\/company\/onkimkht\/","https:\/\/www.youtube.com\/@onkimkht"]}]}},"_links":{"self":[{"href":"https:\/\/onkim.com.tr\/en\/wp-json\/wp\/v2\/pages\/2648","targetHints":{"allow":["GET"]}}],"collection":[{"href":"https:\/\/onkim.com.tr\/en\/wp-json\/wp\/v2\/pages"}],"about":[{"href":"https:\/\/onkim.com.tr\/en\/wp-json\/wp\/v2\/types\/page"}],"author":[{"embeddable":true,"href":"https:\/\/onkim.com.tr\/en\/wp-json\/wp\/v2\/users\/1"}],"replies":[{"embeddable":true,"href":"https:\/\/onkim.com.tr\/en\/wp-json\/wp\/v2\/comments?post=2648"}],"version-history":[{"count":0,"href":"https:\/\/onkim.com.tr\/en\/wp-json\/wp\/v2\/pages\/2648\/revisions"}],"wp:attachment":[{"href":"https:\/\/onkim.com.tr\/en\/wp-json\/wp\/v2\/media?parent=2648"}],"curies":[{"name":"wp","href":"https:\/\/api.w.org\/{rel}","templated":true}]}}